{"id":1934,"date":"2024-10-11T21:40:04","date_gmt":"2024-10-11T21:40:04","guid":{"rendered":"https:\/\/jonathanfeldtherapy.com\/?page_id=1934"},"modified":"2024-10-11T22:22:01","modified_gmt":"2024-10-11T22:22:01","slug":"conditions-generales","status":"publish","type":"page","link":"https:\/\/jonathanfeldtherapy.com\/fr\/terms-conditions\/","title":{"rendered":"Conditions G\u00e9n\u00e9rales"},"content":{"rendered":"<div data-elementor-type=\"wp-page\" data-elementor-id=\"1934\" class=\"elementor elementor-1934\" data-elementor-post-type=\"page\">\n\t\t\t\t<div class=\"elementor-element elementor-element-16ebc75 e-flex e-con-boxed e-con e-parent\" data-id=\"16ebc75\" data-element_type=\"container\" data-e-type=\"container\">\n\t\t\t\t\t<div class=\"e-con-inner\">\n\t\t\t\t<div class=\"elementor-element elementor-element-22ab891 elementor-widget elementor-widget-text-editor\" data-id=\"22ab891\" data-element_type=\"widget\" data-e-type=\"widget\" data-widget_type=\"text-editor.default\">\n\t\t\t\t<div class=\"elementor-widget-container\">\n\t\t\t\t\t\t\t\t\t<p>Bienvenue sur le site internet de Jonathan Feld. En utilisant ce site, vous acceptez de vous conformer aux termes suivants. Si vous n'\u00eates pas d'accord, veuillez ne pas utiliser ce site.<\/p>\t\t\t\t\t\t\t\t<\/div>\n\t\t\t\t<\/div>\n\t\t\t\t<div class=\"elementor-element elementor-element-4c3a40a elementor-widget elementor-widget-heading\" data-id=\"4c3a40a\" data-element_type=\"widget\" data-e-type=\"widget\" data-widget_type=\"heading.default\">\n\t\t\t\t<div class=\"elementor-widget-container\">\n\t\t\t\t\t<h2 class=\"elementor-heading-title elementor-size-default\">Utilisation du site<span style=\"color: var( --e-global-color-primary );letter-spacing: var(--heading--letter-spacing-h3);text-align: var(--text-align)\"><\/span><\/h2>\t\t\t\t<\/div>\n\t\t\t\t<\/div>\n\t\t\t\t<div class=\"elementor-element elementor-element-e648b79 elementor-widget elementor-widget-text-editor\" data-id=\"e648b79\" data-element_type=\"widget\" data-e-type=\"widget\" data-widget_type=\"text-editor.default\">\n\t\t\t\t<div class=\"elementor-widget-container\">\n\t\t\t\t\t\t\t\t\t<p>Le contenu de ce site est \u00e0 titre informatif g\u00e9n\u00e9ral et est sujet \u00e0 changement sans pr\u00e9avis. Des cookies peuvent \u00eatre utilis\u00e9s pour surveiller les pr\u00e9f\u00e9rences de navigation.<\/p>\t\t\t\t\t\t\t\t<\/div>\n\t\t\t\t<\/div>\n\t\t\t\t<div class=\"elementor-element elementor-element-128c54f elementor-widget elementor-widget-heading\" data-id=\"128c54f\" data-element_type=\"widget\" data-e-type=\"widget\" data-widget_type=\"heading.default\">\n\t\t\t\t<div class=\"elementor-widget-container\">\n\t\t\t\t\t<h2 class=\"elementor-heading-title elementor-size-default\">Propri\u00e9t\u00e9 intellectuelle<span style=\"color: var( --e-global-color-primary );letter-spacing: var(--heading--letter-spacing-h3);text-align: var(--text-align)\"><\/span><\/h2>\t\t\t\t<\/div>\n\t\t\t\t<\/div>\n\t\t\t\t<div class=\"elementor-element elementor-element-8839dc8 elementor-widget elementor-widget-text-editor\" data-id=\"8839dc8\" data-element_type=\"widget\" data-e-type=\"widget\" data-widget_type=\"text-editor.default\">\n\t\t\t\t<div class=\"elementor-widget-container\">\n\t\t\t\t\t\t\t\t\t<p>Tout le contenu, y compris le design, les graphismes et les images, est la propri\u00e9t\u00e9 de Jonathan Feld ou sous licence de Jonathan Feld. La reproduction non autoris\u00e9e est interdite.<\/p>\t\t\t\t\t\t\t\t<\/div>\n\t\t\t\t<\/div>\n\t\t\t\t<div class=\"elementor-element elementor-element-db1871e elementor-widget elementor-widget-heading\" data-id=\"db1871e\" data-element_type=\"widget\" data-e-type=\"widget\" data-widget_type=\"heading.default\">\n\t\t\t\t<div class=\"elementor-widget-container\">\n\t\t\t\t\t<h2 class=\"elementor-heading-title elementor-size-default\">Limitation de responsabilit\u00e9<span style=\"color: var( --e-global-color-primary );letter-spacing: var(--heading--letter-spacing-h3);text-align: var(--text-align)\"><\/span><\/h2>\t\t\t\t<\/div>\n\t\t\t\t<\/div>\n\t\t\t\t<div class=\"elementor-element elementor-element-c4478c5 elementor-widget elementor-widget-text-editor\" data-id=\"c4478c5\" data-element_type=\"widget\" data-e-type=\"widget\" data-widget_type=\"text-editor.default\">\n\t\t\t\t<div class=\"elementor-widget-container\">\n\t\t\t\t\t\t\t\t\t<p>L'utilisation de ce site se fait \u00e0 vos propres risques. Jonathan Feld n'est pas responsable de garantir que les produits, services ou informations r\u00e9pondent \u00e0 vos besoins.<\/p>\t\t\t\t\t\t\t\t<\/div>\n\t\t\t\t<\/div>\n\t\t\t\t<div class=\"elementor-element elementor-element-b39160a elementor-widget elementor-widget-heading\" data-id=\"b39160a\" data-element_type=\"widget\" data-e-type=\"widget\" data-widget_type=\"heading.default\">\n\t\t\t\t<div class=\"elementor-widget-container\">\n\t\t\t\t\t<h2 class=\"elementor-heading-title elementor-size-default\">Politique de confidentialit\u00e9<span style=\"color: var( --e-global-color-primary );letter-spacing: var(--heading--letter-spacing-h3);text-align: var(--text-align)\"><\/span><\/h2>\t\t\t\t<\/div>\n\t\t\t\t<\/div>\n\t\t\t\t<div class=\"elementor-element elementor-element-7fd1434 elementor-widget elementor-widget-text-editor\" data-id=\"7fd1434\" data-element_type=\"widget\" data-e-type=\"widget\" data-widget_type=\"text-editor.default\">\n\t\t\t\t<div class=\"elementor-widget-container\">\n\t\t\t\t\t\t\t\t\t<p>Veuillez vous r\u00e9f\u00e9rer \u00e0 notre <a href=\"https:\/\/jonathanfeldtherapy.com\/fr\/politique-de-confidentialite\/\"><b><u>Politique de confidentialit\u00e9<\/u><\/b><\/a> pour les d\u00e9tails sur la fa\u00e7on dont nous collectons et utilisons vos informations personnelles.<\/p>\t\t\t\t\t\t\t\t<\/div>\n\t\t\t\t<\/div>\n\t\t\t\t<div class=\"elementor-element elementor-element-a25207d elementor-widget elementor-widget-heading\" data-id=\"a25207d\" data-element_type=\"widget\" data-e-type=\"widget\" data-widget_type=\"heading.default\">\n\t\t\t\t<div class=\"elementor-widget-container\">\n\t\t\t\t\t<h2 class=\"elementor-heading-title elementor-size-default\">Modifications<span style=\"color: var( --e-global-color-primary );letter-spacing: var(--heading--letter-spacing-h3);text-align: var(--text-align)\"><\/span><\/h2>\t\t\t\t<\/div>\n\t\t\t\t<\/div>\n\t\t\t\t<div class=\"elementor-element elementor-element-181082b elementor-widget elementor-widget-text-editor\" data-id=\"181082b\" data-element_type=\"widget\" data-e-type=\"widget\" data-widget_type=\"text-editor.default\">\n\t\t\t\t<div class=\"elementor-widget-container\">\n\t\t\t\t\t\t\t\t\t<p>Jonathan Feld peut modifier ces termes \u00e0 tout moment sans pr\u00e9avis. L'utilisation continue du site indique l'acceptation des modifications.<\/p>\t\t\t\t\t\t\t\t<\/div>\n\t\t\t\t<\/div>\n\t\t\t\t<div class=\"elementor-element elementor-element-a3138d2 elementor-widget elementor-widget-heading\" data-id=\"a3138d2\" data-element_type=\"widget\" data-e-type=\"widget\" data-widget_type=\"heading.default\">\n\t\t\t\t<div class=\"elementor-widget-container\">\n\t\t\t\t\t<h2 class=\"elementor-heading-title elementor-size-default\">Droit applicable<span style=\"color: var( --e-global-color-primary );letter-spacing: var(--heading--letter-spacing-h3);text-align: var(--text-align)\"><\/span><\/h2>\t\t\t\t<\/div>\n\t\t\t\t<\/div>\n\t\t\t\t<div class=\"elementor-element elementor-element-d8d9b41 elementor-widget elementor-widget-text-editor\" data-id=\"d8d9b41\" data-element_type=\"widget\" data-e-type=\"widget\" data-widget_type=\"text-editor.default\">\n\t\t\t\t<div class=\"elementor-widget-container\">\n\t\t\t\t\t\t\t\t\t<p>Ces conditions sont r\u00e9gis par les lois d'Angleterre et du Pays de Galles. Les litiges sont soumis \u00e0 la juridiction des tribunaux d'Angleterre et du Pays de Galles.<\/p>\t\t\t\t\t\t\t\t<\/div>\n\t\t\t\t<\/div>\n\t\t\t\t\t<\/div>\n\t\t\t\t<\/div>\n\t\t\t\t<\/div>","protected":false},"excerpt":{"rendered":"<p>Welcome to\u00a0 Jonathan Feld&#8217;s website. By using this website, you agree to comply with the following terms. If you disagree, please do not use this site. Use of the Website The content on this site is for general information and subject to change without notice. Cookies may be used to monitor browsing preferences. Intellectual Property&hellip; <a class=\"more-link\" href=\"https:\/\/jonathanfeldtherapy.com\/fr\/terms-conditions\/\">Poursuivre la lecture <span class=\"screen-reader-text\">Conditions G\u00e9n\u00e9rales<\/span><\/a><\/p>","protected":false},"author":1,"featured_media":0,"parent":0,"menu_order":0,"comment_status":"closed","ping_status":"closed","template":"","meta":{"footnotes":""},"class_list":["post-1934","page","type-page","status-publish","hentry","entry"],"yoast_head":"<!-- This site is optimized with the Yoast SEO plugin v27.4 - https:\/\/yoast.com\/product\/yoast-seo-wordpress\/ -->\n<title>Terms &amp; Conditions | Jonathan Feld | Therapist &amp; Counsellor<\/title>\n<meta name=\"robots\" content=\"noindex, nofollow\" \/>\n<meta property=\"og:locale\" content=\"fr_FR\" \/>\n<meta property=\"og:type\" content=\"article\" \/>\n<meta property=\"og:title\" content=\"Terms &amp; Conditions | Jonathan Feld | Therapist &amp; Counsellor\" \/>\n<meta property=\"og:description\" content=\"Welcome to\u00a0 Jonathan Feld&#8217;s website. By using this website, you agree to comply with the following terms. If you disagree, please do not use this site. Use of the Website The content on this site is for general information and subject to change without notice. Cookies may be used to monitor browsing preferences. Intellectual Property&hellip; Poursuivre la lecture Terms &#038; Conditions\" \/>\n<meta property=\"og:url\" content=\"https:\/\/jonathanfeldtherapy.com\/fr\/conditions-generales\/\" \/>\n<meta property=\"og:site_name\" content=\"Jonathan Feld | Therapist &amp; Counsellor\" \/>\n<meta property=\"article:modified_time\" content=\"2024-10-11T22:22:01+00:00\" \/>\n<meta name=\"twitter:card\" content=\"summary_large_image\" \/>\n<meta name=\"twitter:label1\" content=\"Dur\u00e9e de lecture estim\u00e9e\" \/>\n\t<meta name=\"twitter:data1\" content=\"1 minute\" \/>\n<script type=\"application\/ld+json\" class=\"yoast-schema-graph\">{\"@context\":\"https:\\\/\\\/schema.org\",\"@graph\":[{\"@type\":\"WebPage\",\"@id\":\"https:\\\/\\\/jonathanfeldtherapy.com\\\/terms-conditions\\\/\",\"url\":\"https:\\\/\\\/jonathanfeldtherapy.com\\\/terms-conditions\\\/\",\"name\":\"Terms & Conditions | Jonathan Feld | Therapist &amp; Counsellor\",\"isPartOf\":{\"@id\":\"https:\\\/\\\/jonathanfeldtherapy.com\\\/#website\"},\"datePublished\":\"2024-10-11T21:40:04+00:00\",\"dateModified\":\"2024-10-11T22:22:01+00:00\",\"breadcrumb\":{\"@id\":\"https:\\\/\\\/jonathanfeldtherapy.com\\\/terms-conditions\\\/#breadcrumb\"},\"inLanguage\":\"fr-FR\",\"potentialAction\":[{\"@type\":\"ReadAction\",\"target\":[\"https:\\\/\\\/jonathanfeldtherapy.com\\\/terms-conditions\\\/\"]}]},{\"@type\":\"BreadcrumbList\",\"@id\":\"https:\\\/\\\/jonathanfeldtherapy.com\\\/terms-conditions\\\/#breadcrumb\",\"itemListElement\":[{\"@type\":\"ListItem\",\"position\":1,\"name\":\"Home\",\"item\":\"https:\\\/\\\/jonathanfeldtherapy.com\\\/\"},{\"@type\":\"ListItem\",\"position\":2,\"name\":\"Terms &#038; Conditions\"}]},{\"@type\":\"WebSite\",\"@id\":\"https:\\\/\\\/jonathanfeldtherapy.com\\\/#website\",\"url\":\"https:\\\/\\\/jonathanfeldtherapy.com\\\/\",\"name\":\"Jonathan Feld | Therapist\",\"description\":\"Therapist\",\"publisher\":{\"@id\":\"https:\\\/\\\/jonathanfeldtherapy.com\\\/#\\\/schema\\\/person\\\/c095fc37995ac63401306042a2242b59\"},\"potentialAction\":[{\"@type\":\"SearchAction\",\"target\":{\"@type\":\"EntryPoint\",\"urlTemplate\":\"https:\\\/\\\/jonathanfeldtherapy.com\\\/?s={search_term_string}\"},\"query-input\":{\"@type\":\"PropertyValueSpecification\",\"valueRequired\":true,\"valueName\":\"search_term_string\"}}],\"inLanguage\":\"fr-FR\"},{\"@type\":[\"Person\",\"Organization\"],\"@id\":\"https:\\\/\\\/jonathanfeldtherapy.com\\\/#\\\/schema\\\/person\\\/c095fc37995ac63401306042a2242b59\",\"name\":\"Jonathan\",\"image\":{\"@type\":\"ImageObject\",\"inLanguage\":\"fr-FR\",\"@id\":\"https:\\\/\\\/jonathanfeldtherapy.com\\\/wp-content\\\/uploads\\\/2024\\\/08\\\/2.webp\",\"url\":\"https:\\\/\\\/jonathanfeldtherapy.com\\\/wp-content\\\/uploads\\\/2024\\\/08\\\/2.webp\",\"contentUrl\":\"https:\\\/\\\/jonathanfeldtherapy.com\\\/wp-content\\\/uploads\\\/2024\\\/08\\\/2.webp\",\"width\":1920,\"height\":1920,\"caption\":\"Jonathan\"},\"logo\":{\"@id\":\"https:\\\/\\\/jonathanfeldtherapy.com\\\/wp-content\\\/uploads\\\/2024\\\/08\\\/2.webp\"},\"sameAs\":[\"https:\\\/\\\/jonathanfeldtherapy.com\"]}]}<\/script>\n<!-- \/ Yoast SEO plugin. -->","yoast_head_json":{"title":"Terms & Conditions | Jonathan Feld | Therapist &amp; Counsellor","robots":{"index":"noindex","follow":"nofollow"},"og_locale":"fr_FR","og_type":"article","og_title":"Terms & Conditions | Jonathan Feld | Therapist &amp; Counsellor","og_description":"Welcome to\u00a0 Jonathan Feld&#8217;s website. By using this website, you agree to comply with the following terms. If you disagree, please do not use this site. Use of the Website The content on this site is for general information and subject to change without notice. Cookies may be used to monitor browsing preferences. Intellectual Property&hellip; Poursuivre la lecture Terms &#038; Conditions","og_url":"https:\/\/jonathanfeldtherapy.com\/fr\/conditions-generales\/","og_site_name":"Jonathan Feld | Therapist &amp; Counsellor","article_modified_time":"2024-10-11T22:22:01+00:00","twitter_card":"summary_large_image","twitter_misc":{"Dur\u00e9e de lecture estim\u00e9e":"1 minute"},"schema":{"@context":"https:\/\/schema.org","@graph":[{"@type":"WebPage","@id":"https:\/\/jonathanfeldtherapy.com\/terms-conditions\/","url":"https:\/\/jonathanfeldtherapy.com\/terms-conditions\/","name":"Terms & Conditions | Jonathan Feld | Therapist &amp; Counsellor","isPartOf":{"@id":"https:\/\/jonathanfeldtherapy.com\/#website"},"datePublished":"2024-10-11T21:40:04+00:00","dateModified":"2024-10-11T22:22:01+00:00","breadcrumb":{"@id":"https:\/\/jonathanfeldtherapy.com\/terms-conditions\/#breadcrumb"},"inLanguage":"fr-FR","potentialAction":[{"@type":"ReadAction","target":["https:\/\/jonathanfeldtherapy.com\/terms-conditions\/"]}]},{"@type":"BreadcrumbList","@id":"https:\/\/jonathanfeldtherapy.com\/terms-conditions\/#breadcrumb","itemListElement":[{"@type":"ListItem","position":1,"name":"Home","item":"https:\/\/jonathanfeldtherapy.com\/"},{"@type":"ListItem","position":2,"name":"Terms &#038; Conditions"}]},{"@type":"WebSite","@id":"https:\/\/jonathanfeldtherapy.com\/#website","url":"https:\/\/jonathanfeldtherapy.com\/","name":"Jonathan Feld | Therapist","description":"Therapist","publisher":{"@id":"https:\/\/jonathanfeldtherapy.com\/#\/schema\/person\/c095fc37995ac63401306042a2242b59"},"potentialAction":[{"@type":"SearchAction","target":{"@type":"EntryPoint","urlTemplate":"https:\/\/jonathanfeldtherapy.com\/?s={search_term_string}"},"query-input":{"@type":"PropertyValueSpecification","valueRequired":true,"valueName":"search_term_string"}}],"inLanguage":"fr-FR"},{"@type":["Person","Organization"],"@id":"https:\/\/jonathanfeldtherapy.com\/#\/schema\/person\/c095fc37995ac63401306042a2242b59","name":"Jonathan","image":{"@type":"ImageObject","inLanguage":"fr-FR","@id":"https:\/\/jonathanfeldtherapy.com\/wp-content\/uploads\/2024\/08\/2.webp","url":"https:\/\/jonathanfeldtherapy.com\/wp-content\/uploads\/2024\/08\/2.webp","contentUrl":"https:\/\/jonathanfeldtherapy.com\/wp-content\/uploads\/2024\/08\/2.webp","width":1920,"height":1920,"caption":"Jonathan"},"logo":{"@id":"https:\/\/jonathanfeldtherapy.com\/wp-content\/uploads\/2024\/08\/2.webp"},"sameAs":["https:\/\/jonathanfeldtherapy.com"]}]}},"_links":{"self":[{"href":"https:\/\/jonathanfeldtherapy.com\/fr\/wp-json\/wp\/v2\/pages\/1934","targetHints":{"allow":["GET"]}}],"collection":[{"href":"https:\/\/jonathanfeldtherapy.com\/fr\/wp-json\/wp\/v2\/pages"}],"about":[{"href":"https:\/\/jonathanfeldtherapy.com\/fr\/wp-json\/wp\/v2\/types\/page"}],"author":[{"embeddable":true,"href":"https:\/\/jonathanfeldtherapy.com\/fr\/wp-json\/wp\/v2\/users\/1"}],"replies":[{"embeddable":true,"href":"https:\/\/jonathanfeldtherapy.com\/fr\/wp-json\/wp\/v2\/comments?post=1934"}],"version-history":[{"count":25,"href":"https:\/\/jonathanfeldtherapy.com\/fr\/wp-json\/wp\/v2\/pages\/1934\/revisions"}],"predecessor-version":[{"id":1990,"href":"https:\/\/jonathanfeldtherapy.com\/fr\/wp-json\/wp\/v2\/pages\/1934\/revisions\/1990"}],"wp:attachment":[{"href":"https:\/\/jonathanfeldtherapy.com\/fr\/wp-json\/wp\/v2\/media?parent=1934"}],"curies":[{"name":"wp","href":"https:\/\/api.w.org\/{rel}","templated":true}]}}