{"id":42,"date":"2024-08-03T16:40:37","date_gmt":"2024-08-03T16:40:37","guid":{"rendered":"https:\/\/jonathanfeldtherapy.com\/?page_id=42"},"modified":"2024-12-14T14:05:22","modified_gmt":"2024-12-14T14:05:22","slug":"a-propos","status":"publish","type":"page","link":"https:\/\/jonathanfeldtherapy.com\/fr\/about-me\/","title":{"rendered":"\u00c0 propos"},"content":{"rendered":"<div data-elementor-type=\"wp-page\" data-elementor-id=\"42\" class=\"elementor elementor-42\" data-elementor-post-type=\"page\">\n\t\t\t\t<div class=\"elementor-element elementor-element-60bcc5b e-flex e-con-boxed e-con e-parent\" data-id=\"60bcc5b\" data-element_type=\"container\" data-e-type=\"container\">\n\t\t\t\t\t<div class=\"e-con-inner\">\n\t\t<div class=\"elementor-element elementor-element-089435f e-flex e-con-boxed e-con e-child\" data-id=\"089435f\" data-element_type=\"container\" data-e-type=\"container\">\n\t\t\t\t\t<div class=\"e-con-inner\">\n\t\t\t\t<div class=\"elementor-element elementor-element-b789af8 elementor-widget elementor-widget-heading\" data-id=\"b789af8\" data-element_type=\"widget\" data-e-type=\"widget\" data-widget_type=\"heading.default\">\n\t\t\t\t<div class=\"elementor-widget-container\">\n\t\t\t\t\t<h2 class=\"elementor-heading-title elementor-size-default\">\u00c0 propos de Jonathan<\/h2>\t\t\t\t<\/div>\n\t\t\t\t<\/div>\n\t\t\t\t<div class=\"elementor-element elementor-element-ff4621b elementor-widget elementor-widget-text-editor\" data-id=\"ff4621b\" data-element_type=\"widget\" data-e-type=\"widget\" data-widget_type=\"text-editor.default\">\n\t\t\t\t<div class=\"elementor-widget-container\">\n\t\t\t\t\t\t\t\t\t<p>Je suis un th\u00e9rapeute empathique et int\u00e9gratif, combinant des techniques de th\u00e9rapie cognitivo-comportementale (TCC), de psychologie motivationnelle et d'approches centr\u00e9es sur la personne.<\/p>\t\t\t\t\t\t\t\t<\/div>\n\t\t\t\t<\/div>\n\t\t\t\t<div class=\"elementor-element elementor-element-eef150c elementor-widget elementor-widget-text-editor\" data-id=\"eef150c\" data-element_type=\"widget\" data-e-type=\"widget\" data-widget_type=\"text-editor.default\">\n\t\t\t\t<div class=\"elementor-widget-container\">\n\t\t\t\t\t\t\t\t\t<p>J'ai commenc\u00e9 \u00e0 travailler en tant que coach en entreprise \u00e0 Paris et La D\u00e9fense en 1990 et j'exerce en tant que th\u00e9rapeute depuis 2006. Avec plus de 30 ans d'exp\u00e9rience combin\u00e9e, j'ai ainsi travaill\u00e9 avec des individus et des entreprises, dans les secteurs priv\u00e9 et public, y compris en r\u00e9ponse aux crises, dans le syst\u00e8me de justice p\u00e9nale, ainsi que dans les proc\u00e9dures civiles et familiales.<\/p>\t\t\t\t\t\t\t\t<\/div>\n\t\t\t\t<\/div>\n\t\t\t\t<div class=\"elementor-element elementor-element-0c97601 elementor-widget elementor-widget-text-editor\" data-id=\"0c97601\" data-element_type=\"widget\" data-e-type=\"widget\" data-widget_type=\"text-editor.default\">\n\t\t\t\t<div class=\"elementor-widget-container\">\n\t\t\t\t\t\t\t\t\t<p><span style=\"color: var( --e-global-color-text );\">J'adapte mon approche et mon traitement pour r\u00e9pondre \u00e0 vos besoins individuels, en abordant des probl\u00e8mes tels que l'anxi\u00e9t\u00e9 sociale et professionnelle, la d\u00e9pression, les traumatismes, la sexualit\u00e9 et l'intimit\u00e9. Je traite les probl\u00e8mes d'addiction et vous soutiens face aux sentiments de panique, de surcharge \u00e9motionnelle ou d'\u00e9puisement.<\/span><\/p>\t\t\t\t\t\t\t\t<\/div>\n\t\t\t\t<\/div>\n\t\t\t\t<div class=\"elementor-element elementor-element-f981828 elementor-widget elementor-widget-text-editor\" data-id=\"f981828\" data-element_type=\"widget\" data-e-type=\"widget\" data-widget_type=\"text-editor.default\">\n\t\t\t\t<div class=\"elementor-widget-container\">\n\t\t\t\t\t\t\t\t\t<p><span style=\"color: var( --e-global-color-text );\">Bilingue anglais et fran\u00e7ais, j'assure vos s\u00e9ances de th\u00e9rapie sans jugement, en me focalisant sur des solutions pratiques et th\u00e9rapeutiques pour d\u00e9velopper votre croissance personnelle et votre r\u00e9silience.<\/span><\/p>\t\t\t\t\t\t\t\t<\/div>\n\t\t\t\t<\/div>\n\t\t\t\t\t<\/div>\n\t\t\t\t<\/div>\n\t\t<div class=\"elementor-element elementor-element-3e4b5aa e-con-full e-flex e-con e-child\" data-id=\"3e4b5aa\" data-element_type=\"container\" data-e-type=\"container\">\n\t\t\t\t<div class=\"elementor-element elementor-element-a798144 elementor-widget elementor-widget-image\" data-id=\"a798144\" data-element_type=\"widget\" data-e-type=\"widget\" data-widget_type=\"image.default\">\n\t\t\t\t<div class=\"elementor-widget-container\">\n\t\t\t\t\t\t\t\t\t\t\t\t\t\t\t<img decoding=\"async\" src=\"https:\/\/jonathanfeldtherapy.com\/wp-content\/uploads\/2024\/08\/Jonathan-Feld-Therapist-Photo-Colour-1.webp\" title=\"Jonathan Feld &#8211; Therapist\" alt=\"Photo de Jonathan Feld, psychoth\u00e9rapeute au Royaume-Uni et en France\" loading=\"lazy\" \/>\t\t\t\t\t\t\t\t\t\t\t\t\t\t\t<\/div>\n\t\t\t\t<\/div>\n\t\t\t\t<\/div>\n\t\t\t\t\t<\/div>\n\t\t\t\t<\/div>\n\t\t<div class=\"elementor-element elementor-element-3df6f7f e-flex e-con-boxed e-con e-parent\" data-id=\"3df6f7f\" data-element_type=\"container\" data-e-type=\"container\">\n\t\t\t\t\t<div class=\"e-con-inner\">\n\t\t\t\t<div class=\"elementor-element elementor-element-5e3de4b elementor-widget elementor-widget-spacer\" data-id=\"5e3de4b\" data-element_type=\"widget\" data-e-type=\"widget\" data-widget_type=\"spacer.default\">\n\t\t\t\t<div class=\"elementor-widget-container\">\n\t\t\t\t\t\t\t<div class=\"elementor-spacer\">\n\t\t\t<div class=\"elementor-spacer-inner\"><\/div>\n\t\t<\/div>\n\t\t\t\t\t\t<\/div>\n\t\t\t\t<\/div>\n\t\t\t\t\t<\/div>\n\t\t\t\t<\/div>\n\t\t<div class=\"elementor-element elementor-element-311ab82 e-flex e-con-boxed e-con e-parent\" data-id=\"311ab82\" data-element_type=\"container\" data-e-type=\"container\">\n\t\t\t\t\t<div class=\"e-con-inner\">\n\t\t<div class=\"elementor-element elementor-element-7ab057b e-con-full e-flex e-con e-child\" data-id=\"7ab057b\" data-element_type=\"container\" data-e-type=\"container\">\n\t\t\t\t<div class=\"elementor-element elementor-element-399709d elementor-widget elementor-widget-heading\" data-id=\"399709d\" data-element_type=\"widget\" data-e-type=\"widget\" data-widget_type=\"heading.default\">\n\t\t\t\t<div class=\"elementor-widget-container\">\n\t\t\t\t\t<h2 class=\"elementor-heading-title elementor-size-default\">Qualifications<\/h2>\t\t\t\t<\/div>\n\t\t\t\t<\/div>\n\t\t\t\t<div class=\"elementor-element elementor-element-380fc80 elementor-widget elementor-widget-text-editor\" data-id=\"380fc80\" data-element_type=\"widget\" data-e-type=\"widget\" data-widget_type=\"text-editor.default\">\n\t\t\t\t<div class=\"elementor-widget-container\">\n\t\t\t\t\t\t\t\t\t<p>\u2022 Master en Science de la Psychologie &amp; Th\u00e9rapie des Addictions | <em>MSc Universit\u00e9 London South Bank<\/em><\/p>\t\t\t\t\t\t\t\t<\/div>\n\t\t\t\t<\/div>\n\t\t\t\t<div class=\"elementor-element elementor-element-4dd0dff elementor-widget elementor-widget-text-editor\" data-id=\"4dd0dff\" data-element_type=\"widget\" data-e-type=\"widget\" data-widget_type=\"text-editor.default\">\n\t\t\t\t<div class=\"elementor-widget-container\">\n\t\t\t\t\t\t\t\t\t<p><span style=\"color: var( --e-global-color-text );\">\u2022 Membre de l'Association Britannique de Psychoth\u00e9rapie | <i>Num\u00e9ro MBACP 381525<\/i><\/span><\/p>\t\t\t\t\t\t\t\t<\/div>\n\t\t\t\t<\/div>\n\t\t\t\t<div class=\"elementor-element elementor-element-10f615d elementor-widget elementor-widget-text-editor\" data-id=\"10f615d\" data-element_type=\"widget\" data-e-type=\"widget\" data-widget_type=\"text-editor.default\">\n\t\t\t\t<div class=\"elementor-widget-container\">\n\t\t\t\t\t\t\t\t\t<p><span style=\"color: var( --e-global-color-text );\">\u2022 Membre Praticien Avanc\u00e9 des Professionnels de l'Addiction |\u00a0<\/span><em style=\"color: var( --e-global-color-text );\">Registrant 3225<\/em><\/p>\t\t\t\t\t\t\t\t<\/div>\n\t\t\t\t<\/div>\n\t\t\t\t<div class=\"elementor-element elementor-element-04e6091 elementor-widget elementor-widget-text-editor\" data-id=\"04e6091\" data-element_type=\"widget\" data-e-type=\"widget\" data-widget_type=\"text-editor.default\">\n\t\t\t\t<div class=\"elementor-widget-container\">\n\t\t\t\t\t\t\t\t\t<p><span style=\"color: var( --e-global-color-text );\">\u2022 Supervision Clinique - Acad\u00e9mie des \u00c9ducateurs M\u00e9dicaux | <\/span><em style=\"color: var( --e-global-color-text );\">H\u00f4pital St Georges, Lincoln (UK)<\/em><\/p>\t\t\t\t\t\t\t\t<\/div>\n\t\t\t\t<\/div>\n\t\t\t\t<div class=\"elementor-element elementor-element-5c6ace0 elementor-widget elementor-widget-text-editor\" data-id=\"5c6ace0\" data-element_type=\"widget\" data-e-type=\"widget\" data-widget_type=\"text-editor.default\">\n\t\t\t\t<div class=\"elementor-widget-container\">\n\t\t\t\t\t\t\t\t\t<p><span style=\"color: var( --e-global-color-text );\">\u2022 Certificat de Premier Secours en Sant\u00e9 Mentale |<\/span><em style=\"color: var( --e-global-color-text );\">\u00a0MHFA Angleterre<\/em><\/p>\t\t\t\t\t\t\t\t<\/div>\n\t\t\t\t<\/div>\n\t\t\t\t<\/div>\n\t\t\t\t\t<\/div>\n\t\t\t\t<\/div>\n\t\t<div class=\"elementor-element elementor-element-891d65c e-con-full e-flex e-con e-parent\" data-id=\"891d65c\" data-element_type=\"container\" data-e-type=\"container\">\n\t\t<div class=\"elementor-element elementor-element-199758b e-con-full e-flex e-con e-child\" data-id=\"199758b\" data-element_type=\"container\" data-e-type=\"container\">\n\t\t\t\t<div class=\"elementor-element elementor-element-b45ed23 elementor-widget elementor-widget-image\" data-id=\"b45ed23\" data-element_type=\"widget\" data-e-type=\"widget\" data-widget_type=\"image.default\">\n\t\t\t\t<div class=\"elementor-widget-container\">\n\t\t\t\t\t\t\t\t\t\t\t\t\t\t\t<img decoding=\"async\" src=\"https:\/\/jonathanfeldtherapy.com\/wp-content\/uploads\/2024\/12\/BACP-Logo-381525-1.webp\" title=\"Badge BACP - Enregistrement 381525\" alt=\"Badge BACP: num\u00e9ro 381525\" loading=\"lazy\" \/>\t\t\t\t\t\t\t\t\t\t\t\t\t\t\t<\/div>\n\t\t\t\t<\/div>\n\t\t\t\t<\/div>\n\t\t<div class=\"elementor-element elementor-element-08fcf22 e-con-full e-flex e-con e-child\" data-id=\"08fcf22\" data-element_type=\"container\" data-e-type=\"container\">\n\t\t\t\t<div class=\"elementor-element elementor-element-7c5b3ff elementor-widget elementor-widget-image\" data-id=\"7c5b3ff\" data-element_type=\"widget\" data-e-type=\"widget\" data-widget_type=\"image.default\">\n\t\t\t\t<div class=\"elementor-widget-container\">\n\t\t\t\t\t\t\t\t\t\t\t\t\t\t\t<img decoding=\"async\" src=\"https:\/\/jonathanfeldtherapy.com\/wp-content\/uploads\/2024\/12\/Mental_Health_First_Aider_badge_colour-1.webp\" title=\"Badge de Premier Secours en Sant\u00e9 Mentale\" alt=\"Badge de Premier Secours en Sant\u00e9 Mentale\" loading=\"lazy\" \/>\t\t\t\t\t\t\t\t\t\t\t\t\t\t\t<\/div>\n\t\t\t\t<\/div>\n\t\t\t\t<\/div>\n\t\t<div class=\"elementor-element elementor-element-2283d61 e-con-full e-flex e-con e-child\" data-id=\"2283d61\" data-element_type=\"container\" data-e-type=\"container\">\n\t\t\t\t<div class=\"elementor-element elementor-element-5392a24 elementor-widget elementor-widget-image\" data-id=\"5392a24\" data-element_type=\"widget\" data-e-type=\"widget\" data-widget_type=\"image.default\">\n\t\t\t\t<div class=\"elementor-widget-container\">\n\t\t\t\t\t\t\t\t\t\t\t\t\t\t\t<img decoding=\"async\" src=\"https:\/\/jonathanfeldtherapy.com\/wp-content\/uploads\/2024\/12\/addiction-professionals-large-1.webp\" title=\"Badge des Professionnels de l&#039;Addiction\" alt=\"Badge des Professionnels de l&#039;Addiction\" loading=\"lazy\" \/>\t\t\t\t\t\t\t\t\t\t\t\t\t\t\t<\/div>\n\t\t\t\t<\/div>\n\t\t\t\t<\/div>\n\t\t\t\t<\/div>\n\t\t\t\t<\/div>","protected":false},"excerpt":{"rendered":"<p>Meet Jonathan I am an empathetic and integrative therapist combining techniques from cognitive-behavioural therapy (CBT), motivational psychology, and person-centred approaches. I began supporting people as a corporate coach in Paris and La D\u00e9fense in 1990 and have been practising as a therapist since 2006.\u00a0With over 30 years of combined experience across corporate coaching and therapeutic&hellip; <a class=\"more-link\" href=\"https:\/\/jonathanfeldtherapy.com\/fr\/about-me\/\">Poursuivre la lecture <span class=\"screen-reader-text\">\u00c0 propos<\/span><\/a><\/p>","protected":false},"author":1,"featured_media":0,"parent":0,"menu_order":0,"comment_status":"closed","ping_status":"closed","template":"","meta":{"footnotes":""},"class_list":["post-42","page","type-page","status-publish","hentry","entry"],"yoast_head":"<!-- This site is optimized with the Yoast SEO plugin v27.4 - https:\/\/yoast.com\/product\/yoast-seo-wordpress\/ -->\n<title>About me | Jonathan Feld | Therapist &amp; Counsellor<\/title>\n<meta name=\"description\" content=\"Learn about Jonathan Feld, an experienced therapist with expertise in individual, couples, and family therapy.\" \/>\n<meta name=\"robots\" content=\"index, follow, max-snippet:-1, max-image-preview:large, max-video-preview:-1\" \/>\n<link rel=\"canonical\" href=\"https:\/\/jonathanfeldtherapy.com\/fr\/a-propos\/\" \/>\n<meta property=\"og:locale\" content=\"fr_FR\" \/>\n<meta property=\"og:type\" content=\"article\" \/>\n<meta property=\"og:title\" content=\"About me | Jonathan Feld | Therapist &amp; Counsellor\" \/>\n<meta property=\"og:description\" content=\"Learn about Jonathan Feld, an experienced therapist with expertise in individual, couples, and family therapy.\" \/>\n<meta property=\"og:url\" content=\"https:\/\/jonathanfeldtherapy.com\/fr\/a-propos\/\" \/>\n<meta property=\"og:site_name\" content=\"Jonathan Feld | Therapist &amp; Counsellor\" \/>\n<meta property=\"article:modified_time\" content=\"2024-12-14T14:05:22+00:00\" \/>\n<meta property=\"og:image\" content=\"https:\/\/jonathanfeldtherapy.com\/wp-content\/uploads\/2024\/08\/Jonathan-Feld-Therapist-Photo-Colour-1.webp\" \/>\n<meta name=\"twitter:card\" content=\"summary_large_image\" \/>\n<meta name=\"twitter:label1\" content=\"Dur\u00e9e de lecture estim\u00e9e\" \/>\n\t<meta name=\"twitter:data1\" content=\"2 minutes\" \/>\n<script type=\"application\/ld+json\" class=\"yoast-schema-graph\">{\"@context\":\"https:\\\/\\\/schema.org\",\"@graph\":[{\"@type\":\"WebPage\",\"@id\":\"https:\\\/\\\/jonathanfeldtherapy.com\\\/about-me\\\/\",\"url\":\"https:\\\/\\\/jonathanfeldtherapy.com\\\/about-me\\\/\",\"name\":\"About me | Jonathan Feld | Therapist &amp; Counsellor\",\"isPartOf\":{\"@id\":\"https:\\\/\\\/jonathanfeldtherapy.com\\\/#website\"},\"primaryImageOfPage\":{\"@id\":\"https:\\\/\\\/jonathanfeldtherapy.com\\\/about-me\\\/#primaryimage\"},\"image\":{\"@id\":\"https:\\\/\\\/jonathanfeldtherapy.com\\\/about-me\\\/#primaryimage\"},\"thumbnailUrl\":\"https:\\\/\\\/jonathanfeldtherapy.com\\\/wp-content\\\/uploads\\\/2024\\\/08\\\/Jonathan-Feld-Therapist-Photo-Colour-1.webp\",\"datePublished\":\"2024-08-03T16:40:37+00:00\",\"dateModified\":\"2024-12-14T14:05:22+00:00\",\"description\":\"Learn about Jonathan Feld, an experienced therapist with expertise in individual, couples, and family therapy.\",\"breadcrumb\":{\"@id\":\"https:\\\/\\\/jonathanfeldtherapy.com\\\/about-me\\\/#breadcrumb\"},\"inLanguage\":\"fr-FR\",\"potentialAction\":[{\"@type\":\"ReadAction\",\"target\":[\"https:\\\/\\\/jonathanfeldtherapy.com\\\/about-me\\\/\"]}]},{\"@type\":\"ImageObject\",\"inLanguage\":\"fr-FR\",\"@id\":\"https:\\\/\\\/jonathanfeldtherapy.com\\\/about-me\\\/#primaryimage\",\"url\":\"https:\\\/\\\/jonathanfeldtherapy.com\\\/wp-content\\\/uploads\\\/2024\\\/08\\\/Jonathan-Feld-Therapist-Photo-Colour-1.webp\",\"contentUrl\":\"https:\\\/\\\/jonathanfeldtherapy.com\\\/wp-content\\\/uploads\\\/2024\\\/08\\\/Jonathan-Feld-Therapist-Photo-Colour-1.webp\"},{\"@type\":\"BreadcrumbList\",\"@id\":\"https:\\\/\\\/jonathanfeldtherapy.com\\\/about-me\\\/#breadcrumb\",\"itemListElement\":[{\"@type\":\"ListItem\",\"position\":1,\"name\":\"Home\",\"item\":\"https:\\\/\\\/jonathanfeldtherapy.com\\\/\"},{\"@type\":\"ListItem\",\"position\":2,\"name\":\"About me\"}]},{\"@type\":\"WebSite\",\"@id\":\"https:\\\/\\\/jonathanfeldtherapy.com\\\/#website\",\"url\":\"https:\\\/\\\/jonathanfeldtherapy.com\\\/\",\"name\":\"Jonathan Feld | Therapist\",\"description\":\"Therapist\",\"publisher\":{\"@id\":\"https:\\\/\\\/jonathanfeldtherapy.com\\\/#\\\/schema\\\/person\\\/c095fc37995ac63401306042a2242b59\"},\"potentialAction\":[{\"@type\":\"SearchAction\",\"target\":{\"@type\":\"EntryPoint\",\"urlTemplate\":\"https:\\\/\\\/jonathanfeldtherapy.com\\\/?s={search_term_string}\"},\"query-input\":{\"@type\":\"PropertyValueSpecification\",\"valueRequired\":true,\"valueName\":\"search_term_string\"}}],\"inLanguage\":\"fr-FR\"},{\"@type\":[\"Person\",\"Organization\"],\"@id\":\"https:\\\/\\\/jonathanfeldtherapy.com\\\/#\\\/schema\\\/person\\\/c095fc37995ac63401306042a2242b59\",\"name\":\"Jonathan\",\"image\":{\"@type\":\"ImageObject\",\"inLanguage\":\"fr-FR\",\"@id\":\"https:\\\/\\\/jonathanfeldtherapy.com\\\/wp-content\\\/uploads\\\/2024\\\/08\\\/2.webp\",\"url\":\"https:\\\/\\\/jonathanfeldtherapy.com\\\/wp-content\\\/uploads\\\/2024\\\/08\\\/2.webp\",\"contentUrl\":\"https:\\\/\\\/jonathanfeldtherapy.com\\\/wp-content\\\/uploads\\\/2024\\\/08\\\/2.webp\",\"width\":1920,\"height\":1920,\"caption\":\"Jonathan\"},\"logo\":{\"@id\":\"https:\\\/\\\/jonathanfeldtherapy.com\\\/wp-content\\\/uploads\\\/2024\\\/08\\\/2.webp\"},\"sameAs\":[\"https:\\\/\\\/jonathanfeldtherapy.com\"]}]}<\/script>\n<!-- \/ Yoast SEO plugin. -->","yoast_head_json":{"title":"About me | Jonathan Feld | Therapist &amp; Counsellor","description":"D\u00e9couvrez Jonathan Feld, un th\u00e9rapeute exp\u00e9riment\u00e9 sp\u00e9cialis\u00e9 dans la th\u00e9rapie individuelle, de couple et familiale.","robots":{"index":"index","follow":"follow","max-snippet":"max-snippet:-1","max-image-preview":"max-image-preview:large","max-video-preview":"max-video-preview:-1"},"canonical":"https:\/\/jonathanfeldtherapy.com\/fr\/a-propos\/","og_locale":"fr_FR","og_type":"article","og_title":"About me | Jonathan Feld | Therapist &amp; Counsellor","og_description":"Learn about Jonathan Feld, an experienced therapist with expertise in individual, couples, and family therapy.","og_url":"https:\/\/jonathanfeldtherapy.com\/fr\/a-propos\/","og_site_name":"Jonathan Feld | Therapist &amp; Counsellor","article_modified_time":"2024-12-14T14:05:22+00:00","og_image":[{"url":"https:\/\/jonathanfeldtherapy.com\/wp-content\/uploads\/2024\/08\/Jonathan-Feld-Therapist-Photo-Colour-1.webp","type":"","width":"","height":""}],"twitter_card":"summary_large_image","twitter_misc":{"Dur\u00e9e de lecture estim\u00e9e":"2 minutes"},"schema":{"@context":"https:\/\/schema.org","@graph":[{"@type":"WebPage","@id":"https:\/\/jonathanfeldtherapy.com\/about-me\/","url":"https:\/\/jonathanfeldtherapy.com\/about-me\/","name":"About me | Jonathan Feld | Therapist &amp; Counsellor","isPartOf":{"@id":"https:\/\/jonathanfeldtherapy.com\/#website"},"primaryImageOfPage":{"@id":"https:\/\/jonathanfeldtherapy.com\/about-me\/#primaryimage"},"image":{"@id":"https:\/\/jonathanfeldtherapy.com\/about-me\/#primaryimage"},"thumbnailUrl":"https:\/\/jonathanfeldtherapy.com\/wp-content\/uploads\/2024\/08\/Jonathan-Feld-Therapist-Photo-Colour-1.webp","datePublished":"2024-08-03T16:40:37+00:00","dateModified":"2024-12-14T14:05:22+00:00","description":"D\u00e9couvrez Jonathan Feld, un th\u00e9rapeute exp\u00e9riment\u00e9 sp\u00e9cialis\u00e9 dans la th\u00e9rapie individuelle, de couple et familiale.","breadcrumb":{"@id":"https:\/\/jonathanfeldtherapy.com\/about-me\/#breadcrumb"},"inLanguage":"fr-FR","potentialAction":[{"@type":"ReadAction","target":["https:\/\/jonathanfeldtherapy.com\/about-me\/"]}]},{"@type":"ImageObject","inLanguage":"fr-FR","@id":"https:\/\/jonathanfeldtherapy.com\/about-me\/#primaryimage","url":"https:\/\/jonathanfeldtherapy.com\/wp-content\/uploads\/2024\/08\/Jonathan-Feld-Therapist-Photo-Colour-1.webp","contentUrl":"https:\/\/jonathanfeldtherapy.com\/wp-content\/uploads\/2024\/08\/Jonathan-Feld-Therapist-Photo-Colour-1.webp"},{"@type":"BreadcrumbList","@id":"https:\/\/jonathanfeldtherapy.com\/about-me\/#breadcrumb","itemListElement":[{"@type":"ListItem","position":1,"name":"Home","item":"https:\/\/jonathanfeldtherapy.com\/"},{"@type":"ListItem","position":2,"name":"About me"}]},{"@type":"WebSite","@id":"https:\/\/jonathanfeldtherapy.com\/#website","url":"https:\/\/jonathanfeldtherapy.com\/","name":"Jonathan Feld | Therapist","description":"Therapist","publisher":{"@id":"https:\/\/jonathanfeldtherapy.com\/#\/schema\/person\/c095fc37995ac63401306042a2242b59"},"potentialAction":[{"@type":"SearchAction","target":{"@type":"EntryPoint","urlTemplate":"https:\/\/jonathanfeldtherapy.com\/?s={search_term_string}"},"query-input":{"@type":"PropertyValueSpecification","valueRequired":true,"valueName":"search_term_string"}}],"inLanguage":"fr-FR"},{"@type":["Person","Organization"],"@id":"https:\/\/jonathanfeldtherapy.com\/#\/schema\/person\/c095fc37995ac63401306042a2242b59","name":"Jonathan","image":{"@type":"ImageObject","inLanguage":"fr-FR","@id":"https:\/\/jonathanfeldtherapy.com\/wp-content\/uploads\/2024\/08\/2.webp","url":"https:\/\/jonathanfeldtherapy.com\/wp-content\/uploads\/2024\/08\/2.webp","contentUrl":"https:\/\/jonathanfeldtherapy.com\/wp-content\/uploads\/2024\/08\/2.webp","width":1920,"height":1920,"caption":"Jonathan"},"logo":{"@id":"https:\/\/jonathanfeldtherapy.com\/wp-content\/uploads\/2024\/08\/2.webp"},"sameAs":["https:\/\/jonathanfeldtherapy.com"]}]}},"_links":{"self":[{"href":"https:\/\/jonathanfeldtherapy.com\/fr\/wp-json\/wp\/v2\/pages\/42","targetHints":{"allow":["GET"]}}],"collection":[{"href":"https:\/\/jonathanfeldtherapy.com\/fr\/wp-json\/wp\/v2\/pages"}],"about":[{"href":"https:\/\/jonathanfeldtherapy.com\/fr\/wp-json\/wp\/v2\/types\/page"}],"author":[{"embeddable":true,"href":"https:\/\/jonathanfeldtherapy.com\/fr\/wp-json\/wp\/v2\/users\/1"}],"replies":[{"embeddable":true,"href":"https:\/\/jonathanfeldtherapy.com\/fr\/wp-json\/wp\/v2\/comments?post=42"}],"version-history":[{"count":25,"href":"https:\/\/jonathanfeldtherapy.com\/fr\/wp-json\/wp\/v2\/pages\/42\/revisions"}],"predecessor-version":[{"id":3010,"href":"https:\/\/jonathanfeldtherapy.com\/fr\/wp-json\/wp\/v2\/pages\/42\/revisions\/3010"}],"wp:attachment":[{"href":"https:\/\/jonathanfeldtherapy.com\/fr\/wp-json\/wp\/v2\/media?parent=42"}],"curies":[{"name":"wp","href":"https:\/\/api.w.org\/{rel}","templated":true}]}}