{"id":902,"date":"2024-08-29T10:20:16","date_gmt":"2024-08-29T10:20:16","guid":{"rendered":"https:\/\/jonathanfeldtherapy.com\/?page_id=902"},"modified":"2024-12-20T21:29:12","modified_gmt":"2024-12-20T21:29:12","slug":"avis-professionnels","status":"publish","type":"page","link":"https:\/\/jonathanfeldtherapy.com\/fr\/professionals-testimonials\/","title":{"rendered":"T\u00e9moignages professionnels"},"content":{"rendered":"<div data-elementor-type=\"wp-page\" data-elementor-id=\"902\" class=\"elementor elementor-902\" data-elementor-post-type=\"page\">\n\t\t\t\t<div class=\"elementor-element elementor-element-88dcd08 e-flex e-con-boxed e-con e-parent\" data-id=\"88dcd08\" data-element_type=\"container\" data-e-type=\"container\">\n\t\t\t\t\t<div class=\"e-con-inner\">\n\t\t<div class=\"elementor-element elementor-element-81a2d40 e-con-full e-flex e-con e-child\" data-id=\"81a2d40\" data-element_type=\"container\" data-e-type=\"container\">\n\t\t\t\t<\/div>\n\t\t\t\t<div class=\"elementor-element elementor-element-f2d3465 elementor-widget elementor-widget-image\" data-id=\"f2d3465\" data-element_type=\"widget\" data-e-type=\"widget\" data-widget_type=\"image.default\">\n\t\t\t\t<div class=\"elementor-widget-container\">\n\t\t\t\t\t\t\t\t\t\t\t\t\t\t\t<img decoding=\"async\" src=\"https:\/\/jonathanfeldtherapy.com\/wp-content\/uploads\/2024\/12\/Testimonials-Jonathan-Feld-Therapy-Counselling-2.webp\" title=\"T\u00e9moignages &amp; Avis Professionnels \u2013 Jonathan Feld Psychoth\u00e9rapeute\" alt=\"Une personne faisant face \u00e0 l&#039;oc\u00e9an au coucher du soleil, levant les bras dans une posture de libert\u00e9.\" loading=\"lazy\" \/>\t\t\t\t\t\t\t\t\t\t\t\t\t\t\t<\/div>\n\t\t\t\t<\/div>\n\t\t\t\t\t<\/div>\n\t\t\t\t<\/div>\n\t\t<div class=\"elementor-element elementor-element-c4dd06f e-flex e-con-boxed e-con e-parent\" data-id=\"c4dd06f\" data-element_type=\"container\" data-e-type=\"container\">\n\t\t\t\t\t<div class=\"e-con-inner\">\n\t\t<div class=\"elementor-element elementor-element-2afd81b e-con-full e-flex e-con e-child\" data-id=\"2afd81b\" data-element_type=\"container\" data-e-type=\"container\">\n\t\t\t\t<div class=\"elementor-element elementor-element-2afefab elementor-widget elementor-widget-heading\" data-id=\"2afefab\" data-element_type=\"widget\" data-e-type=\"widget\" data-widget_type=\"heading.default\">\n\t\t\t\t<div class=\"elementor-widget-container\">\n\t\t\t\t\t<h2 class=\"elementor-heading-title elementor-size-default\">Philippe Cavaroz, Psychologue<\/h2>\t\t\t\t<\/div>\n\t\t\t\t<\/div>\n\t\t\t\t<div class=\"elementor-element elementor-element-ab98e98 elementor-widget elementor-widget-text-editor\" data-id=\"ab98e98\" data-element_type=\"widget\" data-e-type=\"widget\" data-widget_type=\"text-editor.default\">\n\t\t\t\t<div class=\"elementor-widget-container\">\n\t\t\t\t\t\t\t\t\t<p>\u201cEn tant que psychologue, c\u2019est en toute confiance que je vous recommande mon coll\u00e8gue Mr Jonathan Feld que je connais professionnellement depuis plus de dix ans.<\/p>\t\t\t\t\t\t\t\t<\/div>\n\t\t\t\t<\/div>\n\t\t\t\t<div class=\"elementor-element elementor-element-d61e751 elementor-widget elementor-widget-text-editor\" data-id=\"d61e751\" data-element_type=\"widget\" data-e-type=\"widget\" data-widget_type=\"text-editor.default\">\n\t\t\t\t<div class=\"elementor-widget-container\">\n\t\t\t\t\t\t\t\t\t<p><span style=\"color: var( --e-global-color-text );\">Mr Feld est un exemple d\u2019\u00e9thique mettant en premier l\u2019int\u00e9r\u00eat de son patient. Au del\u00e0 de son expertise clinique, il se forme au fur a mesure, s\u2019assurant que ses patients profitent ainsi des meilleurs outils th\u00e9rapeutiques disponibles aujourd\u2019hui.\u201d<\/span><\/p>\t\t\t\t\t\t\t\t<\/div>\n\t\t\t\t<\/div>\n\t\t\t\t<\/div>\n\t\t\t\t\t<\/div>\n\t\t\t\t<\/div>\n\t\t<div class=\"elementor-element elementor-element-f51c191 e-flex e-con-boxed e-con e-parent\" data-id=\"f51c191\" data-element_type=\"container\" data-e-type=\"container\" data-settings=\"{&quot;background_background&quot;:&quot;classic&quot;}\">\n\t\t\t\t\t<div class=\"e-con-inner\">\n\t\t<div class=\"elementor-element elementor-element-cc49722 e-con-full e-flex e-con e-child\" data-id=\"cc49722\" data-element_type=\"container\" data-e-type=\"container\">\n\t\t\t\t<div class=\"elementor-element elementor-element-8c954a8 elementor-widget elementor-widget-heading\" data-id=\"8c954a8\" data-element_type=\"widget\" data-e-type=\"widget\" data-widget_type=\"heading.default\">\n\t\t\t\t<div class=\"elementor-widget-container\">\n\t\t\t\t\t<h2 class=\"elementor-heading-title elementor-size-default\">Dominique Alcan, Psychopraticien<\/h2>\t\t\t\t<\/div>\n\t\t\t\t<\/div>\n\t\t\t\t<div class=\"elementor-element elementor-element-f95b5f7 elementor-widget elementor-widget-text-editor\" data-id=\"f95b5f7\" data-element_type=\"widget\" data-e-type=\"widget\" data-widget_type=\"text-editor.default\">\n\t\t\t\t<div class=\"elementor-widget-container\">\n\t\t\t\t\t\t\t\t\t<p>\"Jonathan Feld est un th\u00e9rapeute d'une grande \u00e9coute avec une pr\u00e9cision et une empathie extr\u00eamement pr\u00e9cieuses.&nbsp;<\/p>\t\t\t\t\t\t\t\t<\/div>\n\t\t\t\t<\/div>\n\t\t\t\t<div class=\"elementor-element elementor-element-6909b86 elementor-widget elementor-widget-text-editor\" data-id=\"6909b86\" data-element_type=\"widget\" data-e-type=\"widget\" data-widget_type=\"text-editor.default\">\n\t\t\t\t<div class=\"elementor-widget-container\">\n\t\t\t\t\t\t\t\t\t<p>J'appr\u00e9cie son professionnalisme et sa pertinence. Je le recommande vivement.\"<\/p>\t\t\t\t\t\t\t\t<\/div>\n\t\t\t\t<\/div>\n\t\t\t\t<\/div>\n\t\t\t\t\t<\/div>\n\t\t\t\t<\/div>\n\t\t<div class=\"elementor-element elementor-element-4b00e2b e-flex e-con-boxed e-con e-parent\" data-id=\"4b00e2b\" data-element_type=\"container\" data-e-type=\"container\">\n\t\t\t\t\t<div class=\"e-con-inner\">\n\t\t<div class=\"elementor-element elementor-element-68c11be e-con-full e-flex e-con e-child\" data-id=\"68c11be\" data-element_type=\"container\" data-e-type=\"container\">\n\t\t\t\t<div class=\"elementor-element elementor-element-ab265b9 elementor-widget elementor-widget-heading\" data-id=\"ab265b9\" data-element_type=\"widget\" data-e-type=\"widget\" data-widget_type=\"heading.default\">\n\t\t\t\t<div class=\"elementor-widget-container\">\n\t\t\t\t\t<h2 class=\"elementor-heading-title elementor-size-default\">Arthur Regnault, M\u00e9decin G\u00e9n\u00e9raliste<\/h2>\t\t\t\t<\/div>\n\t\t\t\t<\/div>\n\t\t\t\t<div class=\"elementor-element elementor-element-4c56151 elementor-widget elementor-widget-text-editor\" data-id=\"4c56151\" data-element_type=\"widget\" data-e-type=\"widget\" data-widget_type=\"text-editor.default\">\n\t\t\t\t<div class=\"elementor-widget-container\">\n\t\t\t\t\t\t\t\t\t<p>\u201cM. Feld est tr\u00e8s comp\u00e9tent et fait preuve d\u2019un d\u00e9vouement exceptionnel dans le domaine de la psychoth\u00e9rapie. J\u2019ai \u00e9t\u00e9 impressionn\u00e9 par sa capacit\u00e9 \u00e0 \u00e9tablir des liens avec les patients, \u00e0 offrir des \u00e9valuations perspicaces et \u00e0 d\u00e9velopper des plans de traitement efficaces.\u00a0<\/p>\t\t\t\t\t\t\t\t<\/div>\n\t\t\t\t<\/div>\n\t\t\t\t<div class=\"elementor-element elementor-element-5602633 elementor-widget elementor-widget-text-editor\" data-id=\"5602633\" data-element_type=\"widget\" data-e-type=\"widget\" data-widget_type=\"text-editor.default\">\n\t\t\t\t<div class=\"elementor-widget-container\">\n\t\t\t\t\t\t\t\t\t<p><span style=\"color: var( --e-global-color-text );\">Son approche est \u00e0 la fois compatissante et bas\u00e9e sur des preuves, ce qui peut grandement b\u00e9n\u00e9ficier aux patients luttant contre des probl\u00e8mes de sant\u00e9 mentale tels que l\u2019anxi\u00e9t\u00e9, la d\u00e9pression, trouble de stress post-traumatique (TSPT), l\u2019alcoolisme les addictions, troubles li\u00e9s au stress g\u00e9n\u00e9ral.\u00a0<\/span><\/p>\t\t\t\t\t\t\t\t<\/div>\n\t\t\t\t<\/div>\n\t\t\t\t<div class=\"elementor-element elementor-element-e56bcc3 elementor-widget elementor-widget-text-editor\" data-id=\"e56bcc3\" data-element_type=\"widget\" data-e-type=\"widget\" data-widget_type=\"text-editor.default\">\n\t\t\t\t<div class=\"elementor-widget-container\">\n\t\t\t\t\t\t\t\t\t<p><span style=\"color: var( --e-global-color-text );\">Je recommande avec confiance M. Jonathan Feld \u00e0 toute personne \u00e0 la recherche d\u2019un psychoth\u00e9rapeute comp\u00e9tent et empathique. Son expertise est un atout pr\u00e9cieux pour les patients et les coll\u00e8gues de la communaut\u00e9 de la sant\u00e9 mentale.\"<\/span><\/p>\t\t\t\t\t\t\t\t<\/div>\n\t\t\t\t<\/div>\n\t\t\t\t<\/div>\n\t\t\t\t\t<\/div>\n\t\t\t\t<\/div>\n\t\t\t\t<\/div>","protected":false},"excerpt":{"rendered":"<p>Philippe Cavaroz, Psychologist &#8220;As a therapist, I fully trust and recommend my colleague, Mr. Jonathan Feld, that I professionally know for over ten years. Mr. Feld is an example in terms of ethics, always putting his patient interest first. On top of his clinical expertise, he keeps on training to make sure his patients have&hellip; <a class=\"more-link\" href=\"https:\/\/jonathanfeldtherapy.com\/fr\/professionals-testimonials\/\">Poursuivre la lecture <span class=\"screen-reader-text\">T\u00e9moignages professionnels<\/span><\/a><\/p>","protected":false},"author":1,"featured_media":0,"parent":0,"menu_order":0,"comment_status":"closed","ping_status":"closed","template":"","meta":{"footnotes":""},"class_list":["post-902","page","type-page","status-publish","hentry","entry"],"yoast_head":"<!-- This site is optimized with the Yoast SEO plugin v27.4 - https:\/\/yoast.com\/product\/yoast-seo-wordpress\/ -->\n<title>Professionals Testimonials | Jonathan Feld | Therapist &amp; Counsellor<\/title>\n<meta name=\"description\" content=\"Discover and read endorsements from fellow professionals who value our therapeutic approach and expertise.\" \/>\n<meta name=\"robots\" content=\"index, follow, max-snippet:-1, max-image-preview:large, max-video-preview:-1\" \/>\n<link rel=\"canonical\" href=\"https:\/\/jonathanfeldtherapy.com\/fr\/avis-professionnels\/\" \/>\n<meta property=\"og:locale\" content=\"fr_FR\" \/>\n<meta property=\"og:type\" content=\"article\" \/>\n<meta property=\"og:title\" content=\"Professionals Testimonials | Jonathan Feld | Therapist &amp; Counsellor\" \/>\n<meta property=\"og:description\" content=\"Discover and read endorsements from fellow professionals who value our therapeutic approach and expertise.\" \/>\n<meta property=\"og:url\" content=\"https:\/\/jonathanfeldtherapy.com\/fr\/avis-professionnels\/\" \/>\n<meta property=\"og:site_name\" content=\"Jonathan Feld | Therapist &amp; Counsellor\" \/>\n<meta property=\"article:modified_time\" content=\"2024-12-20T21:29:12+00:00\" \/>\n<meta property=\"og:image\" content=\"https:\/\/jonathanfeldtherapy.com\/wp-content\/uploads\/2024\/12\/Testimonials-Jonathan-Feld-Therapy-Counselling-2.webp\" \/>\n<meta name=\"twitter:card\" content=\"summary_large_image\" \/>\n<meta name=\"twitter:label1\" content=\"Dur\u00e9e de lecture estim\u00e9e\" \/>\n\t<meta name=\"twitter:data1\" content=\"2 minutes\" \/>\n<script type=\"application\/ld+json\" class=\"yoast-schema-graph\">{\"@context\":\"https:\\\/\\\/schema.org\",\"@graph\":[{\"@type\":\"WebPage\",\"@id\":\"https:\\\/\\\/jonathanfeldtherapy.com\\\/professionals-testimonials\\\/\",\"url\":\"https:\\\/\\\/jonathanfeldtherapy.com\\\/professionals-testimonials\\\/\",\"name\":\"Professionals Testimonials | Jonathan Feld | Therapist &amp; Counsellor\",\"isPartOf\":{\"@id\":\"https:\\\/\\\/jonathanfeldtherapy.com\\\/#website\"},\"primaryImageOfPage\":{\"@id\":\"https:\\\/\\\/jonathanfeldtherapy.com\\\/professionals-testimonials\\\/#primaryimage\"},\"image\":{\"@id\":\"https:\\\/\\\/jonathanfeldtherapy.com\\\/professionals-testimonials\\\/#primaryimage\"},\"thumbnailUrl\":\"https:\\\/\\\/jonathanfeldtherapy.com\\\/wp-content\\\/uploads\\\/2024\\\/12\\\/Testimonials-Jonathan-Feld-Therapy-Counselling-2.webp\",\"datePublished\":\"2024-08-29T10:20:16+00:00\",\"dateModified\":\"2024-12-20T21:29:12+00:00\",\"description\":\"Discover and read endorsements from fellow professionals who value our therapeutic approach and expertise.\",\"breadcrumb\":{\"@id\":\"https:\\\/\\\/jonathanfeldtherapy.com\\\/professionals-testimonials\\\/#breadcrumb\"},\"inLanguage\":\"fr-FR\",\"potentialAction\":[{\"@type\":\"ReadAction\",\"target\":[\"https:\\\/\\\/jonathanfeldtherapy.com\\\/professionals-testimonials\\\/\"]}]},{\"@type\":\"ImageObject\",\"inLanguage\":\"fr-FR\",\"@id\":\"https:\\\/\\\/jonathanfeldtherapy.com\\\/professionals-testimonials\\\/#primaryimage\",\"url\":\"https:\\\/\\\/jonathanfeldtherapy.com\\\/wp-content\\\/uploads\\\/2024\\\/12\\\/Testimonials-Jonathan-Feld-Therapy-Counselling-2.webp\",\"contentUrl\":\"https:\\\/\\\/jonathanfeldtherapy.com\\\/wp-content\\\/uploads\\\/2024\\\/12\\\/Testimonials-Jonathan-Feld-Therapy-Counselling-2.webp\"},{\"@type\":\"BreadcrumbList\",\"@id\":\"https:\\\/\\\/jonathanfeldtherapy.com\\\/professionals-testimonials\\\/#breadcrumb\",\"itemListElement\":[{\"@type\":\"ListItem\",\"position\":1,\"name\":\"Home\",\"item\":\"https:\\\/\\\/jonathanfeldtherapy.com\\\/\"},{\"@type\":\"ListItem\",\"position\":2,\"name\":\"Professionals Testimonials\"}]},{\"@type\":\"WebSite\",\"@id\":\"https:\\\/\\\/jonathanfeldtherapy.com\\\/#website\",\"url\":\"https:\\\/\\\/jonathanfeldtherapy.com\\\/\",\"name\":\"Jonathan Feld | Therapist\",\"description\":\"Therapist\",\"publisher\":{\"@id\":\"https:\\\/\\\/jonathanfeldtherapy.com\\\/#\\\/schema\\\/person\\\/c095fc37995ac63401306042a2242b59\"},\"potentialAction\":[{\"@type\":\"SearchAction\",\"target\":{\"@type\":\"EntryPoint\",\"urlTemplate\":\"https:\\\/\\\/jonathanfeldtherapy.com\\\/?s={search_term_string}\"},\"query-input\":{\"@type\":\"PropertyValueSpecification\",\"valueRequired\":true,\"valueName\":\"search_term_string\"}}],\"inLanguage\":\"fr-FR\"},{\"@type\":[\"Person\",\"Organization\"],\"@id\":\"https:\\\/\\\/jonathanfeldtherapy.com\\\/#\\\/schema\\\/person\\\/c095fc37995ac63401306042a2242b59\",\"name\":\"Jonathan\",\"image\":{\"@type\":\"ImageObject\",\"inLanguage\":\"fr-FR\",\"@id\":\"https:\\\/\\\/jonathanfeldtherapy.com\\\/wp-content\\\/uploads\\\/2024\\\/08\\\/2.webp\",\"url\":\"https:\\\/\\\/jonathanfeldtherapy.com\\\/wp-content\\\/uploads\\\/2024\\\/08\\\/2.webp\",\"contentUrl\":\"https:\\\/\\\/jonathanfeldtherapy.com\\\/wp-content\\\/uploads\\\/2024\\\/08\\\/2.webp\",\"width\":1920,\"height\":1920,\"caption\":\"Jonathan\"},\"logo\":{\"@id\":\"https:\\\/\\\/jonathanfeldtherapy.com\\\/wp-content\\\/uploads\\\/2024\\\/08\\\/2.webp\"},\"sameAs\":[\"https:\\\/\\\/jonathanfeldtherapy.com\"]}]}<\/script>\n<!-- \/ Yoast SEO plugin. -->","yoast_head_json":{"title":"Professionals Testimonials | Jonathan Feld | Therapist &amp; Counsellor","description":"D\u00e9couvrez et lisez les t\u00e9moignages de coll\u00e8gues professionnels qui appr\u00e9cient notre approche th\u00e9rapeutique et notre expertise.","robots":{"index":"index","follow":"follow","max-snippet":"max-snippet:-1","max-image-preview":"max-image-preview:large","max-video-preview":"max-video-preview:-1"},"canonical":"https:\/\/jonathanfeldtherapy.com\/fr\/avis-professionnels\/","og_locale":"fr_FR","og_type":"article","og_title":"Professionals Testimonials | Jonathan Feld | Therapist &amp; Counsellor","og_description":"Discover and read endorsements from fellow professionals who value our therapeutic approach and expertise.","og_url":"https:\/\/jonathanfeldtherapy.com\/fr\/avis-professionnels\/","og_site_name":"Jonathan Feld | Therapist &amp; Counsellor","article_modified_time":"2024-12-20T21:29:12+00:00","og_image":[{"url":"https:\/\/jonathanfeldtherapy.com\/wp-content\/uploads\/2024\/12\/Testimonials-Jonathan-Feld-Therapy-Counselling-2.webp","type":"","width":"","height":""}],"twitter_card":"summary_large_image","twitter_misc":{"Dur\u00e9e de lecture estim\u00e9e":"2 minutes"},"schema":{"@context":"https:\/\/schema.org","@graph":[{"@type":"WebPage","@id":"https:\/\/jonathanfeldtherapy.com\/professionals-testimonials\/","url":"https:\/\/jonathanfeldtherapy.com\/professionals-testimonials\/","name":"Professionals Testimonials | Jonathan Feld | Therapist &amp; Counsellor","isPartOf":{"@id":"https:\/\/jonathanfeldtherapy.com\/#website"},"primaryImageOfPage":{"@id":"https:\/\/jonathanfeldtherapy.com\/professionals-testimonials\/#primaryimage"},"image":{"@id":"https:\/\/jonathanfeldtherapy.com\/professionals-testimonials\/#primaryimage"},"thumbnailUrl":"https:\/\/jonathanfeldtherapy.com\/wp-content\/uploads\/2024\/12\/Testimonials-Jonathan-Feld-Therapy-Counselling-2.webp","datePublished":"2024-08-29T10:20:16+00:00","dateModified":"2024-12-20T21:29:12+00:00","description":"D\u00e9couvrez et lisez les t\u00e9moignages de coll\u00e8gues professionnels qui appr\u00e9cient notre approche th\u00e9rapeutique et notre expertise.","breadcrumb":{"@id":"https:\/\/jonathanfeldtherapy.com\/professionals-testimonials\/#breadcrumb"},"inLanguage":"fr-FR","potentialAction":[{"@type":"ReadAction","target":["https:\/\/jonathanfeldtherapy.com\/professionals-testimonials\/"]}]},{"@type":"ImageObject","inLanguage":"fr-FR","@id":"https:\/\/jonathanfeldtherapy.com\/professionals-testimonials\/#primaryimage","url":"https:\/\/jonathanfeldtherapy.com\/wp-content\/uploads\/2024\/12\/Testimonials-Jonathan-Feld-Therapy-Counselling-2.webp","contentUrl":"https:\/\/jonathanfeldtherapy.com\/wp-content\/uploads\/2024\/12\/Testimonials-Jonathan-Feld-Therapy-Counselling-2.webp"},{"@type":"BreadcrumbList","@id":"https:\/\/jonathanfeldtherapy.com\/professionals-testimonials\/#breadcrumb","itemListElement":[{"@type":"ListItem","position":1,"name":"Home","item":"https:\/\/jonathanfeldtherapy.com\/"},{"@type":"ListItem","position":2,"name":"Professionals Testimonials"}]},{"@type":"WebSite","@id":"https:\/\/jonathanfeldtherapy.com\/#website","url":"https:\/\/jonathanfeldtherapy.com\/","name":"Jonathan Feld | Therapist","description":"Therapist","publisher":{"@id":"https:\/\/jonathanfeldtherapy.com\/#\/schema\/person\/c095fc37995ac63401306042a2242b59"},"potentialAction":[{"@type":"SearchAction","target":{"@type":"EntryPoint","urlTemplate":"https:\/\/jonathanfeldtherapy.com\/?s={search_term_string}"},"query-input":{"@type":"PropertyValueSpecification","valueRequired":true,"valueName":"search_term_string"}}],"inLanguage":"fr-FR"},{"@type":["Person","Organization"],"@id":"https:\/\/jonathanfeldtherapy.com\/#\/schema\/person\/c095fc37995ac63401306042a2242b59","name":"Jonathan","image":{"@type":"ImageObject","inLanguage":"fr-FR","@id":"https:\/\/jonathanfeldtherapy.com\/wp-content\/uploads\/2024\/08\/2.webp","url":"https:\/\/jonathanfeldtherapy.com\/wp-content\/uploads\/2024\/08\/2.webp","contentUrl":"https:\/\/jonathanfeldtherapy.com\/wp-content\/uploads\/2024\/08\/2.webp","width":1920,"height":1920,"caption":"Jonathan"},"logo":{"@id":"https:\/\/jonathanfeldtherapy.com\/wp-content\/uploads\/2024\/08\/2.webp"},"sameAs":["https:\/\/jonathanfeldtherapy.com"]}]}},"_links":{"self":[{"href":"https:\/\/jonathanfeldtherapy.com\/fr\/wp-json\/wp\/v2\/pages\/902","targetHints":{"allow":["GET"]}}],"collection":[{"href":"https:\/\/jonathanfeldtherapy.com\/fr\/wp-json\/wp\/v2\/pages"}],"about":[{"href":"https:\/\/jonathanfeldtherapy.com\/fr\/wp-json\/wp\/v2\/types\/page"}],"author":[{"embeddable":true,"href":"https:\/\/jonathanfeldtherapy.com\/fr\/wp-json\/wp\/v2\/users\/1"}],"replies":[{"embeddable":true,"href":"https:\/\/jonathanfeldtherapy.com\/fr\/wp-json\/wp\/v2\/comments?post=902"}],"version-history":[{"count":25,"href":"https:\/\/jonathanfeldtherapy.com\/fr\/wp-json\/wp\/v2\/pages\/902\/revisions"}],"predecessor-version":[{"id":3079,"href":"https:\/\/jonathanfeldtherapy.com\/fr\/wp-json\/wp\/v2\/pages\/902\/revisions\/3079"}],"wp:attachment":[{"href":"https:\/\/jonathanfeldtherapy.com\/fr\/wp-json\/wp\/v2\/media?parent=902"}],"curies":[{"name":"wp","href":"https:\/\/api.w.org\/{rel}","templated":true}]}}