{"id":996,"date":"2024-09-06T20:58:22","date_gmt":"2024-09-06T20:58:22","guid":{"rendered":"https:\/\/jonathanfeldtherapy.com\/?page_id=996"},"modified":"2024-12-24T14:21:47","modified_gmt":"2024-12-24T14:21:47","slug":"mon-approche","status":"publish","type":"page","link":"https:\/\/jonathanfeldtherapy.com\/fr\/my-approach-to-therapy\/","title":{"rendered":"Mon approche"},"content":{"rendered":"<div data-elementor-type=\"wp-page\" data-elementor-id=\"996\" class=\"elementor elementor-996\" data-elementor-post-type=\"page\">\n\t\t\t\t<div class=\"elementor-element elementor-element-3584d97 e-flex e-con-boxed e-con e-parent\" data-id=\"3584d97\" data-element_type=\"container\" data-e-type=\"container\">\n\t\t\t\t\t<div class=\"e-con-inner\">\n\t\t\t\t<div class=\"elementor-element elementor-element-53050bc elementor-widget elementor-widget-heading\" data-id=\"53050bc\" data-element_type=\"widget\" data-e-type=\"widget\" data-widget_type=\"heading.default\">\n\t\t\t\t<div class=\"elementor-widget-container\">\n\t\t\t\t\t<h2 class=\"elementor-heading-title elementor-size-default\">Approche psychologique fond\u00e9e sur des preuves<\/h2>\t\t\t\t<\/div>\n\t\t\t\t<\/div>\n\t\t\t\t<div class=\"elementor-element elementor-element-ed85521 elementor-widget elementor-widget-text-editor\" data-id=\"ed85521\" data-element_type=\"widget\" data-e-type=\"widget\" data-widget_type=\"text-editor.default\">\n\t\t\t\t<div class=\"elementor-widget-container\">\n\t\t\t\t\t\t\t\t\t<p>Ma pratique de la th\u00e9rapie en ligne offre un espace s\u00fbr, confidentiel et sans jugement o\u00f9 votre parcours personnel est reconnu et respect\u00e9. Que vous fassiez face \u00e0 des d\u00e9fis professionnels, personnels ou familiaux, j'accompagne les individus avec succ\u00e8s depuis plus de 30 ans \u2014 d'abord en tant que coach d'entreprise, puis en tant que th\u00e9rapeute depuis 2006.<\/p>\t\t\t\t\t\t\t\t<\/div>\n\t\t\t\t<\/div>\n\t\t\t\t<div class=\"elementor-element elementor-element-a0d9116 elementor-widget elementor-widget-text-editor\" data-id=\"a0d9116\" data-element_type=\"widget\" data-e-type=\"widget\" data-widget_type=\"text-editor.default\">\n\t\t\t\t<div class=\"elementor-widget-container\">\n\t\t\t\t\t\t\t\t\t<p><span style=\"color: var( --e-global-color-text );\">Mon approche th\u00e9rapeutique repose sur la psychologie fond\u00e9e sur des preuves, s'inspirant de diverses th\u00e9ories psychologiques et utilisant une gamme de techniques adapt\u00e9es \u00e0 vos besoins uniques.<\/span><\/p>\t\t\t\t\t\t\t\t<\/div>\n\t\t\t\t<\/div>\n\t\t\t\t<div class=\"elementor-element elementor-element-fde4414 elementor-widget elementor-widget-spacer\" data-id=\"fde4414\" data-element_type=\"widget\" data-e-type=\"widget\" data-widget_type=\"spacer.default\">\n\t\t\t\t<div class=\"elementor-widget-container\">\n\t\t\t\t\t\t\t<div class=\"elementor-spacer\">\n\t\t\t<div class=\"elementor-spacer-inner\"><\/div>\n\t\t<\/div>\n\t\t\t\t\t\t<\/div>\n\t\t\t\t<\/div>\n\t\t\t\t\t<\/div>\n\t\t\t\t<\/div>\n\t\t<div class=\"elementor-element elementor-element-3ff464a e-flex e-con-boxed e-con e-parent\" data-id=\"3ff464a\" data-element_type=\"container\" data-e-type=\"container\">\n\t\t\t\t\t<div class=\"e-con-inner\">\n\t\t<div class=\"elementor-element elementor-element-d04ce13 e-con-full e-flex e-con e-child\" data-id=\"d04ce13\" data-element_type=\"container\" data-e-type=\"container\">\n\t\t\t\t<div class=\"elementor-element elementor-element-ceeb244 elementor-widget elementor-widget-heading\" data-id=\"ceeb244\" data-element_type=\"widget\" data-e-type=\"widget\" data-widget_type=\"heading.default\">\n\t\t\t\t<div class=\"elementor-widget-container\">\n\t\t\t\t\t<h3 class=\"elementor-heading-title elementor-size-default\">Th\u00e9rapie int\u00e9grative<\/h3>\t\t\t\t<\/div>\n\t\t\t\t<\/div>\n\t\t\t\t<div class=\"elementor-element elementor-element-0d0a7e2 elementor-widget elementor-widget-text-editor\" data-id=\"0d0a7e2\" data-element_type=\"widget\" data-e-type=\"widget\" data-widget_type=\"text-editor.default\">\n\t\t\t\t<div class=\"elementor-widget-container\">\n\t\t\t\t\t\t\t\t\t<p>Combine diverses m\u00e9thodes psychologiques pour cr\u00e9er un plan de traitement personnalis\u00e9. Cette approche aborde la personne de mani\u00e8re holistique, en consid\u00e9rant les aspects \u00e9motionnels, mentaux, et parfois physiques.<\/p>\t\t\t\t\t\t\t\t<\/div>\n\t\t\t\t<\/div>\n\t\t\t\t<\/div>\n\t\t<div class=\"elementor-element elementor-element-2c23f3d e-con-full e-flex e-con e-child\" data-id=\"2c23f3d\" data-element_type=\"container\" data-e-type=\"container\">\n\t\t\t\t<div class=\"elementor-element elementor-element-726186a elementor-widget elementor-widget-heading\" data-id=\"726186a\" data-element_type=\"widget\" data-e-type=\"widget\" data-widget_type=\"heading.default\">\n\t\t\t\t<div class=\"elementor-widget-container\">\n\t\t\t\t\t<h3 class=\"elementor-heading-title elementor-size-default\">Psycho-\u00e9ducation<\/h3>\t\t\t\t<\/div>\n\t\t\t\t<\/div>\n\t\t\t\t<div class=\"elementor-element elementor-element-4670e83 elementor-widget elementor-widget-text-editor\" data-id=\"4670e83\" data-element_type=\"widget\" data-e-type=\"widget\" data-widget_type=\"text-editor.default\">\n\t\t\t\t<div class=\"elementor-widget-container\">\n\t\t\t\t\t\t\t\t\t<p>Sensibilise \u00e0 la sant\u00e9 mentale, \u00e9clairant sur les troubles, les sympt\u00f4mes, les traitements et les strat\u00e9gies de gestion pour une meilleure compr\u00e9hension et prise en charge de la sant\u00e9 mentale.&nbsp;&nbsp;<br><\/p>\t\t\t\t\t\t\t\t<\/div>\n\t\t\t\t<\/div>\n\t\t\t\t<\/div>\n\t\t<div class=\"elementor-element elementor-element-d03de3c e-con-full e-flex e-con e-child\" data-id=\"d03de3c\" data-element_type=\"container\" data-e-type=\"container\">\n\t\t\t\t<div class=\"elementor-element elementor-element-144e630 elementor-widget elementor-widget-heading\" data-id=\"144e630\" data-element_type=\"widget\" data-e-type=\"widget\" data-widget_type=\"heading.default\">\n\t\t\t\t<div class=\"elementor-widget-container\">\n\t\t\t\t\t<h3 class=\"elementor-heading-title elementor-size-default\">Th\u00e9rapie motivationnelle<\/h3>\t\t\t\t<\/div>\n\t\t\t\t<\/div>\n\t\t\t\t<div class=\"elementor-element elementor-element-cf53e61 elementor-widget elementor-widget-text-editor\" data-id=\"cf53e61\" data-element_type=\"widget\" data-e-type=\"widget\" data-widget_type=\"text-editor.default\">\n\t\t\t\t<div class=\"elementor-widget-container\">\n\t\t\t\t\t\t\t\t\t<p>Stimule la motivation personnelle \u00e0 changer les comportements probl\u00e9matiques. Elle aide \u00e0 r\u00e9soudre l'ambivalence et \u00e0 trouver des raisons personnelles de changer, particuli\u00e8rement utile dans le traitement des addictions.<br><\/p>\t\t\t\t\t\t\t\t<\/div>\n\t\t\t\t<\/div>\n\t\t\t\t<\/div>\n\t\t<div class=\"elementor-element elementor-element-8522d8b e-con-full e-flex e-con e-child\" data-id=\"8522d8b\" data-element_type=\"container\" data-e-type=\"container\">\n\t\t\t\t<div class=\"elementor-element elementor-element-1dd918a elementor-widget elementor-widget-heading\" data-id=\"1dd918a\" data-element_type=\"widget\" data-e-type=\"widget\" data-widget_type=\"heading.default\">\n\t\t\t\t<div class=\"elementor-widget-container\">\n\t\t\t\t\t<h3 class=\"elementor-heading-title elementor-size-default\">Th\u00e9rapie cognitive et comportementale (TCC)<\/h3>\t\t\t\t<\/div>\n\t\t\t\t<\/div>\n\t\t\t\t<div class=\"elementor-element elementor-element-92dac61 elementor-widget elementor-widget-text-editor\" data-id=\"92dac61\" data-element_type=\"widget\" data-e-type=\"widget\" data-widget_type=\"text-editor.default\">\n\t\t\t\t<div class=\"elementor-widget-container\">\n\t\t\t\t\t\t\t\t\t<p>Une psychoth\u00e9rapie qui traite les probl\u00e8mes en modifiant les pens\u00e9es et les comportements. Elle est efficace contre l'anxi\u00e9t\u00e9 et la d\u00e9pression, en se concentrant sur des solutions concr\u00e8tes pour am\u00e9liorer le bien-\u00eatre.<br><\/p>\t\t\t\t\t\t\t\t<\/div>\n\t\t\t\t<\/div>\n\t\t\t\t<\/div>\n\t\t<div class=\"elementor-element elementor-element-1cdd8f2 e-con-full e-flex e-con e-child\" data-id=\"1cdd8f2\" data-element_type=\"container\" data-e-type=\"container\">\n\t\t\t\t<div class=\"elementor-element elementor-element-ac07ae4 elementor-widget elementor-widget-heading\" data-id=\"ac07ae4\" data-element_type=\"widget\" data-e-type=\"widget\" data-widget_type=\"heading.default\">\n\t\t\t\t<div class=\"elementor-widget-container\">\n\t\t\t\t\t<h3 class=\"elementor-heading-title elementor-size-default\">Th\u00e9rapie centr\u00e9e<br>sur la personne<\/h3>\t\t\t\t<\/div>\n\t\t\t\t<\/div>\n\t\t\t\t<div class=\"elementor-element elementor-element-531573c elementor-widget elementor-widget-text-editor\" data-id=\"531573c\" data-element_type=\"widget\" data-e-type=\"widget\" data-widget_type=\"text-editor.default\">\n\t\t\t\t<div class=\"elementor-widget-container\">\n\t\t\t\t\t\t\t\t\t<p>Cr\u00e9\u00e9e par Carl Rogers, elle privil\u00e9gie l'empathie, l'authenticit\u00e9 et l'acceptation inconditionnelle, offrant un espace s\u00fbr pour que le client explore et r\u00e9solve ses difficult\u00e9s en toute confiance.<br><\/p>\t\t\t\t\t\t\t\t<\/div>\n\t\t\t\t<\/div>\n\t\t\t\t<\/div>\n\t\t\t\t\t<\/div>\n\t\t\t\t<\/div>\n\t\t<div class=\"elementor-element elementor-element-fef5c51 e-con-full e-flex e-con e-parent\" data-id=\"fef5c51\" data-element_type=\"container\" data-e-type=\"container\">\n\t\t\t\t<div class=\"elementor-element elementor-element-fa7f4fd elementor-widget elementor-widget-spacer\" data-id=\"fa7f4fd\" data-element_type=\"widget\" data-e-type=\"widget\" data-widget_type=\"spacer.default\">\n\t\t\t\t<div class=\"elementor-widget-container\">\n\t\t\t\t\t\t\t<div class=\"elementor-spacer\">\n\t\t\t<div class=\"elementor-spacer-inner\"><\/div>\n\t\t<\/div>\n\t\t\t\t\t\t<\/div>\n\t\t\t\t<\/div>\n\t\t\t\t<\/div>\n\t\t<div class=\"elementor-element elementor-element-2000aaa e-flex e-con-boxed e-con e-parent\" data-id=\"2000aaa\" data-element_type=\"container\" data-e-type=\"container\">\n\t\t\t\t\t<div class=\"e-con-inner\">\n\t\t<div class=\"elementor-element elementor-element-ff5b002 e-con-full e-flex e-con e-child\" data-id=\"ff5b002\" data-element_type=\"container\" data-e-type=\"container\">\n\t\t\t\t<div class=\"elementor-element elementor-element-bc7271b elementor-widget elementor-widget-image\" data-id=\"bc7271b\" data-element_type=\"widget\" data-e-type=\"widget\" data-widget_type=\"image.default\">\n\t\t\t\t<div class=\"elementor-widget-container\">\n\t\t\t\t\t\t\t\t\t\t\t\t\t\t\t<img decoding=\"async\" src=\"https:\/\/jonathanfeldtherapy.com\/wp-content\/uploads\/2024\/12\/Individual-Therapy-Jonathan-Feld-Therapy-Counselling-4.webp\" title=\"Votre premi\u00e8re s\u00e9ance - Jonathan Feld Psychoth\u00e9rapeute\" alt=\"Une jeune femme assise sur son canap\u00e9, avec un casque audio sur la t\u00eate, face \u00e0 son ordinateur portable. Elle sourit et parle avec son psy en ligne.\" loading=\"lazy\" \/>\t\t\t\t\t\t\t\t\t\t\t\t\t\t\t<\/div>\n\t\t\t\t<\/div>\n\t\t\t\t<\/div>\n\t\t<div class=\"elementor-element elementor-element-f7fdc85 e-con-full e-flex e-con e-child\" data-id=\"f7fdc85\" data-element_type=\"container\" data-e-type=\"container\">\n\t\t\t\t<div class=\"elementor-element elementor-element-8b90e60 elementor-widget elementor-widget-heading\" data-id=\"8b90e60\" data-element_type=\"widget\" data-e-type=\"widget\" data-widget_type=\"heading.default\">\n\t\t\t\t<div class=\"elementor-widget-container\">\n\t\t\t\t\t<h2 class=\"elementor-heading-title elementor-size-default\">Votre premi\u00e8re s\u00e9ance<\/h2>\t\t\t\t<\/div>\n\t\t\t\t<\/div>\n\t\t\t\t<div class=\"elementor-element elementor-element-aeef8fb elementor-widget elementor-widget-text-editor\" data-id=\"aeef8fb\" data-element_type=\"widget\" data-e-type=\"widget\" data-widget_type=\"text-editor.default\">\n\t\t\t\t<div class=\"elementor-widget-container\">\n\t\t\t\t\t\t\t\t\t<p>Votre premi\u00e8re s\u00e9ance commence par un accueil chaleureux, au cours duquel je me pr\u00e9senterai et vous donnerai un aper\u00e7u de mon parcours et de mon approche th\u00e9rapeutique.<\/p>\t\t\t\t\t\t\t\t<\/div>\n\t\t\t\t<\/div>\n\t\t\t\t<div class=\"elementor-element elementor-element-7bfe59b elementor-widget elementor-widget-text-editor\" data-id=\"7bfe59b\" data-element_type=\"widget\" data-e-type=\"widget\" data-widget_type=\"text-editor.default\">\n\t\t\t\t<div class=\"elementor-widget-container\">\n\t\t\t\t\t\t\t\t\t<p>Nous passerons ensuite \u00e0 la discussion sur les raisons qui vous ont amen\u00e9 \u00e0 chercher une th\u00e9rapie et les sympt\u00f4mes ou probl\u00e8mes sp\u00e9cifiques que vous souhaitez aborder. Nous explorerons les changements que vous esp\u00e9rez apporter \u00e0 votre vie et ce que vous souhaitez accomplir gr\u00e2ce \u00e0 la th\u00e9rapie.<\/p>\t\t\t\t\t\t\t\t<\/div>\n\t\t\t\t<\/div>\n\t\t\t\t<div class=\"elementor-element elementor-element-0e9cc8f elementor-widget elementor-widget-text-editor\" data-id=\"0e9cc8f\" data-element_type=\"widget\" data-e-type=\"widget\" data-widget_type=\"text-editor.default\">\n\t\t\t\t<div class=\"elementor-widget-container\">\n\t\t\t\t\t\t\t\t\t<p>Une fois que vous \u00eates \u00e0 l'aise, et avec votre consentement, nous pourrons \u00e9galement discuter de votre vie, y compris vos exp\u00e9riences d'enfance, votre \u00e9ducation, vos relations, votre travail et votre famille.<\/p>\t\t\t\t\t\t\t\t<\/div>\n\t\t\t\t<\/div>\n\t\t\t\t<div class=\"elementor-element elementor-element-3d38b0e elementor-widget elementor-widget-text-editor\" data-id=\"3d38b0e\" data-element_type=\"widget\" data-e-type=\"widget\" data-widget_type=\"text-editor.default\">\n\t\t\t\t<div class=\"elementor-widget-container\">\n\t\t\t\t\t\t\t\t\t<p>Je cr\u00e9e un espace s\u00e9curis\u00e9 pour vous et, ensemble, nous commencerons votre parcours th\u00e9rapeutique, o\u00f9 vous pourrez explorer les domaines de votre vie que vous souhaitez d\u00e9velopper, ainsi que vos espoirs et aspirations pour l'avenir.\u00a0<\/p>\t\t\t\t\t\t\t\t<\/div>\n\t\t\t\t<\/div>\n\t\t\t\t<\/div>\n\t\t\t\t\t<\/div>\n\t\t\t\t<\/div>\n\t\t\t\t<\/div>","protected":false},"excerpt":{"rendered":"<p>Evidence-based psychology My online therapy practice offers a safe, confidential, and non-judgemental space where your personal journey is acknowledged and respected. Whether you are dealing with challenges at work, in your personal life, or in your family relationships, I have successfully empowered individuals for over 30 years \u2014 first as a corporate coach and as&hellip; <a class=\"more-link\" href=\"https:\/\/jonathanfeldtherapy.com\/fr\/my-approach-to-therapy\/\">Poursuivre la lecture <span class=\"screen-reader-text\">Mon approche<\/span><\/a><\/p>","protected":false},"author":1,"featured_media":0,"parent":0,"menu_order":0,"comment_status":"closed","ping_status":"closed","template":"","meta":{"footnotes":""},"class_list":["post-996","page","type-page","status-publish","hentry","entry"],"yoast_head":"<!-- This site is optimized with the Yoast SEO plugin v27.4 - https:\/\/yoast.com\/product\/yoast-seo-wordpress\/ -->\n<title>My approach | Jonathan Feld | Therapist &amp; Counsellor<\/title>\n<meta name=\"description\" content=\"Discover Jonathan Feld\u2019s therapeutic approach, methods, and philosophies. Learn how his empathetic approach can support your personal growth.\" \/>\n<meta name=\"robots\" content=\"index, follow, max-snippet:-1, max-image-preview:large, max-video-preview:-1\" \/>\n<link rel=\"canonical\" href=\"https:\/\/jonathanfeldtherapy.com\/fr\/mon-approche\/\" \/>\n<meta property=\"og:locale\" content=\"fr_FR\" \/>\n<meta property=\"og:type\" content=\"article\" \/>\n<meta property=\"og:title\" content=\"My approach | Jonathan Feld | Therapist &amp; Counsellor\" \/>\n<meta property=\"og:description\" content=\"Discover Jonathan Feld\u2019s therapeutic approach, methods, and philosophies. Learn how his empathetic approach can support your personal growth.\" \/>\n<meta property=\"og:url\" content=\"https:\/\/jonathanfeldtherapy.com\/fr\/mon-approche\/\" \/>\n<meta property=\"og:site_name\" content=\"Jonathan Feld | Therapist &amp; Counsellor\" \/>\n<meta property=\"article:modified_time\" content=\"2024-12-24T14:21:47+00:00\" \/>\n<meta property=\"og:image\" content=\"https:\/\/jonathanfeldtherapy.com\/wp-content\/uploads\/2024\/12\/Individual-Therapy-Jonathan-Feld-Therapy-Counselling-4.webp\" \/>\n<meta name=\"twitter:card\" content=\"summary_large_image\" \/>\n<meta name=\"twitter:label1\" content=\"Dur\u00e9e de lecture estim\u00e9e\" \/>\n\t<meta name=\"twitter:data1\" content=\"2 minutes\" \/>\n<script type=\"application\/ld+json\" class=\"yoast-schema-graph\">{\"@context\":\"https:\\\/\\\/schema.org\",\"@graph\":[{\"@type\":\"WebPage\",\"@id\":\"https:\\\/\\\/jonathanfeldtherapy.com\\\/my-approach-to-therapy\\\/\",\"url\":\"https:\\\/\\\/jonathanfeldtherapy.com\\\/my-approach-to-therapy\\\/\",\"name\":\"My approach | Jonathan Feld | Therapist &amp; Counsellor\",\"isPartOf\":{\"@id\":\"https:\\\/\\\/jonathanfeldtherapy.com\\\/#website\"},\"primaryImageOfPage\":{\"@id\":\"https:\\\/\\\/jonathanfeldtherapy.com\\\/my-approach-to-therapy\\\/#primaryimage\"},\"image\":{\"@id\":\"https:\\\/\\\/jonathanfeldtherapy.com\\\/my-approach-to-therapy\\\/#primaryimage\"},\"thumbnailUrl\":\"https:\\\/\\\/jonathanfeldtherapy.com\\\/wp-content\\\/uploads\\\/2024\\\/12\\\/Individual-Therapy-Jonathan-Feld-Therapy-Counselling-4.webp\",\"datePublished\":\"2024-09-06T20:58:22+00:00\",\"dateModified\":\"2024-12-24T14:21:47+00:00\",\"description\":\"Discover Jonathan Feld\u2019s therapeutic approach, methods, and philosophies. Learn how his empathetic approach can support your personal growth.\",\"breadcrumb\":{\"@id\":\"https:\\\/\\\/jonathanfeldtherapy.com\\\/my-approach-to-therapy\\\/#breadcrumb\"},\"inLanguage\":\"fr-FR\",\"potentialAction\":[{\"@type\":\"ReadAction\",\"target\":[\"https:\\\/\\\/jonathanfeldtherapy.com\\\/my-approach-to-therapy\\\/\"]}]},{\"@type\":\"ImageObject\",\"inLanguage\":\"fr-FR\",\"@id\":\"https:\\\/\\\/jonathanfeldtherapy.com\\\/my-approach-to-therapy\\\/#primaryimage\",\"url\":\"https:\\\/\\\/jonathanfeldtherapy.com\\\/wp-content\\\/uploads\\\/2024\\\/12\\\/Individual-Therapy-Jonathan-Feld-Therapy-Counselling-4.webp\",\"contentUrl\":\"https:\\\/\\\/jonathanfeldtherapy.com\\\/wp-content\\\/uploads\\\/2024\\\/12\\\/Individual-Therapy-Jonathan-Feld-Therapy-Counselling-4.webp\"},{\"@type\":\"BreadcrumbList\",\"@id\":\"https:\\\/\\\/jonathanfeldtherapy.com\\\/my-approach-to-therapy\\\/#breadcrumb\",\"itemListElement\":[{\"@type\":\"ListItem\",\"position\":1,\"name\":\"Home\",\"item\":\"https:\\\/\\\/jonathanfeldtherapy.com\\\/\"},{\"@type\":\"ListItem\",\"position\":2,\"name\":\"My approach\"}]},{\"@type\":\"WebSite\",\"@id\":\"https:\\\/\\\/jonathanfeldtherapy.com\\\/#website\",\"url\":\"https:\\\/\\\/jonathanfeldtherapy.com\\\/\",\"name\":\"Jonathan Feld | Therapist\",\"description\":\"Therapist\",\"publisher\":{\"@id\":\"https:\\\/\\\/jonathanfeldtherapy.com\\\/#\\\/schema\\\/person\\\/c095fc37995ac63401306042a2242b59\"},\"potentialAction\":[{\"@type\":\"SearchAction\",\"target\":{\"@type\":\"EntryPoint\",\"urlTemplate\":\"https:\\\/\\\/jonathanfeldtherapy.com\\\/?s={search_term_string}\"},\"query-input\":{\"@type\":\"PropertyValueSpecification\",\"valueRequired\":true,\"valueName\":\"search_term_string\"}}],\"inLanguage\":\"fr-FR\"},{\"@type\":[\"Person\",\"Organization\"],\"@id\":\"https:\\\/\\\/jonathanfeldtherapy.com\\\/#\\\/schema\\\/person\\\/c095fc37995ac63401306042a2242b59\",\"name\":\"Jonathan\",\"image\":{\"@type\":\"ImageObject\",\"inLanguage\":\"fr-FR\",\"@id\":\"https:\\\/\\\/jonathanfeldtherapy.com\\\/wp-content\\\/uploads\\\/2024\\\/08\\\/2.webp\",\"url\":\"https:\\\/\\\/jonathanfeldtherapy.com\\\/wp-content\\\/uploads\\\/2024\\\/08\\\/2.webp\",\"contentUrl\":\"https:\\\/\\\/jonathanfeldtherapy.com\\\/wp-content\\\/uploads\\\/2024\\\/08\\\/2.webp\",\"width\":1920,\"height\":1920,\"caption\":\"Jonathan\"},\"logo\":{\"@id\":\"https:\\\/\\\/jonathanfeldtherapy.com\\\/wp-content\\\/uploads\\\/2024\\\/08\\\/2.webp\"},\"sameAs\":[\"https:\\\/\\\/jonathanfeldtherapy.com\"]}]}<\/script>\n<!-- \/ Yoast SEO plugin. -->","yoast_head_json":{"title":"My approach | Jonathan Feld | Therapist &amp; Counsellor","description":"D\u00e9couvrez l'approche th\u00e9rapeutique, les m\u00e9thodes et les philosophies de Jonathan Feld. Apprenez comment son approche empathique peut soutenir votre d\u00e9veloppement personnel.","robots":{"index":"index","follow":"follow","max-snippet":"max-snippet:-1","max-image-preview":"max-image-preview:large","max-video-preview":"max-video-preview:-1"},"canonical":"https:\/\/jonathanfeldtherapy.com\/fr\/mon-approche\/","og_locale":"fr_FR","og_type":"article","og_title":"My approach | Jonathan Feld | Therapist &amp; Counsellor","og_description":"Discover Jonathan Feld\u2019s therapeutic approach, methods, and philosophies. Learn how his empathetic approach can support your personal growth.","og_url":"https:\/\/jonathanfeldtherapy.com\/fr\/mon-approche\/","og_site_name":"Jonathan Feld | Therapist &amp; Counsellor","article_modified_time":"2024-12-24T14:21:47+00:00","og_image":[{"url":"https:\/\/jonathanfeldtherapy.com\/wp-content\/uploads\/2024\/12\/Individual-Therapy-Jonathan-Feld-Therapy-Counselling-4.webp","type":"","width":"","height":""}],"twitter_card":"summary_large_image","twitter_misc":{"Dur\u00e9e de lecture estim\u00e9e":"2 minutes"},"schema":{"@context":"https:\/\/schema.org","@graph":[{"@type":"WebPage","@id":"https:\/\/jonathanfeldtherapy.com\/my-approach-to-therapy\/","url":"https:\/\/jonathanfeldtherapy.com\/my-approach-to-therapy\/","name":"My approach | Jonathan Feld | Therapist &amp; Counsellor","isPartOf":{"@id":"https:\/\/jonathanfeldtherapy.com\/#website"},"primaryImageOfPage":{"@id":"https:\/\/jonathanfeldtherapy.com\/my-approach-to-therapy\/#primaryimage"},"image":{"@id":"https:\/\/jonathanfeldtherapy.com\/my-approach-to-therapy\/#primaryimage"},"thumbnailUrl":"https:\/\/jonathanfeldtherapy.com\/wp-content\/uploads\/2024\/12\/Individual-Therapy-Jonathan-Feld-Therapy-Counselling-4.webp","datePublished":"2024-09-06T20:58:22+00:00","dateModified":"2024-12-24T14:21:47+00:00","description":"D\u00e9couvrez l'approche th\u00e9rapeutique, les m\u00e9thodes et les philosophies de Jonathan Feld. Apprenez comment son approche empathique peut soutenir votre d\u00e9veloppement personnel.","breadcrumb":{"@id":"https:\/\/jonathanfeldtherapy.com\/my-approach-to-therapy\/#breadcrumb"},"inLanguage":"fr-FR","potentialAction":[{"@type":"ReadAction","target":["https:\/\/jonathanfeldtherapy.com\/my-approach-to-therapy\/"]}]},{"@type":"ImageObject","inLanguage":"fr-FR","@id":"https:\/\/jonathanfeldtherapy.com\/my-approach-to-therapy\/#primaryimage","url":"https:\/\/jonathanfeldtherapy.com\/wp-content\/uploads\/2024\/12\/Individual-Therapy-Jonathan-Feld-Therapy-Counselling-4.webp","contentUrl":"https:\/\/jonathanfeldtherapy.com\/wp-content\/uploads\/2024\/12\/Individual-Therapy-Jonathan-Feld-Therapy-Counselling-4.webp"},{"@type":"BreadcrumbList","@id":"https:\/\/jonathanfeldtherapy.com\/my-approach-to-therapy\/#breadcrumb","itemListElement":[{"@type":"ListItem","position":1,"name":"Home","item":"https:\/\/jonathanfeldtherapy.com\/"},{"@type":"ListItem","position":2,"name":"My approach"}]},{"@type":"WebSite","@id":"https:\/\/jonathanfeldtherapy.com\/#website","url":"https:\/\/jonathanfeldtherapy.com\/","name":"Jonathan Feld | Therapist","description":"Therapist","publisher":{"@id":"https:\/\/jonathanfeldtherapy.com\/#\/schema\/person\/c095fc37995ac63401306042a2242b59"},"potentialAction":[{"@type":"SearchAction","target":{"@type":"EntryPoint","urlTemplate":"https:\/\/jonathanfeldtherapy.com\/?s={search_term_string}"},"query-input":{"@type":"PropertyValueSpecification","valueRequired":true,"valueName":"search_term_string"}}],"inLanguage":"fr-FR"},{"@type":["Person","Organization"],"@id":"https:\/\/jonathanfeldtherapy.com\/#\/schema\/person\/c095fc37995ac63401306042a2242b59","name":"Jonathan","image":{"@type":"ImageObject","inLanguage":"fr-FR","@id":"https:\/\/jonathanfeldtherapy.com\/wp-content\/uploads\/2024\/08\/2.webp","url":"https:\/\/jonathanfeldtherapy.com\/wp-content\/uploads\/2024\/08\/2.webp","contentUrl":"https:\/\/jonathanfeldtherapy.com\/wp-content\/uploads\/2024\/08\/2.webp","width":1920,"height":1920,"caption":"Jonathan"},"logo":{"@id":"https:\/\/jonathanfeldtherapy.com\/wp-content\/uploads\/2024\/08\/2.webp"},"sameAs":["https:\/\/jonathanfeldtherapy.com"]}]}},"_links":{"self":[{"href":"https:\/\/jonathanfeldtherapy.com\/fr\/wp-json\/wp\/v2\/pages\/996","targetHints":{"allow":["GET"]}}],"collection":[{"href":"https:\/\/jonathanfeldtherapy.com\/fr\/wp-json\/wp\/v2\/pages"}],"about":[{"href":"https:\/\/jonathanfeldtherapy.com\/fr\/wp-json\/wp\/v2\/types\/page"}],"author":[{"embeddable":true,"href":"https:\/\/jonathanfeldtherapy.com\/fr\/wp-json\/wp\/v2\/users\/1"}],"replies":[{"embeddable":true,"href":"https:\/\/jonathanfeldtherapy.com\/fr\/wp-json\/wp\/v2\/comments?post=996"}],"version-history":[{"count":25,"href":"https:\/\/jonathanfeldtherapy.com\/fr\/wp-json\/wp\/v2\/pages\/996\/revisions"}],"predecessor-version":[{"id":3125,"href":"https:\/\/jonathanfeldtherapy.com\/fr\/wp-json\/wp\/v2\/pages\/996\/revisions\/3125"}],"wp:attachment":[{"href":"https:\/\/jonathanfeldtherapy.com\/fr\/wp-json\/wp\/v2\/media?parent=996"}],"curies":[{"name":"wp","href":"https:\/\/api.w.org\/{rel}","templated":true}]}}